{"id":10856,"date":"2024-03-02T13:13:55","date_gmt":"2024-03-02T18:13:55","guid":{"rendered":"https:\/\/www.tce.gob.ec\/?page_id=10856"},"modified":"2024-07-04T16:26:17","modified_gmt":"2024-07-04T21:26:17","slug":"jurisprudencia-obligatoria","status":"publish","type":"page","link":"https:\/\/www.tce.gob.ec\/index.php\/jurisprudencia-obligatoria\/","title":{"rendered":"Jurisprudencia Obligatoria"},"content":{"rendered":"\n\n\t<div class=\"aioseo-breadcrumbs\"><span class=\"aioseo-breadcrumb\">\n\tInicio\n<\/span><\/div>\n<h2>\n\t\tJurisprudencia Obligatoria\n\t<\/h2>\n\t<p>&#8220;Mediante <strong>Resoluci\u00f3n PLE-TCE-1-09-06-2023-EXT<\/strong>, se expide el Reglamento que regula la Resoluci\u00f3n de Fallos Contradictorios del Tribunal Contencioso Electoral, la jurisprudencia electoral obligatoria en armon\u00eda con el C\u00f3digo de la Democracia. A continuaci\u00f3n, se presentan las resoluciones y sentencias emitidas por el Pleno del TCE en el marco de esta competencia.&#8221;<\/p>\n\t<div id=\"sp-ea-10858\" class=\"sp-ea-seven sp-easy-accordion\" data-ex-icon=\"fa-chevron-down\" data-col-icon=\"fa-chevron-up\"  data-ea-active=\"ea-click\"  data-ea-mode=\"vertical\" data-ea-coll=\"\" data-keep-accordion=\"\" data-autoclose=\"\" data-preloader=\"0\" data-autoplaytime=\"3000\"><div class=\"ea-card ea-expand sp-ea-single\" ><h4 class=\"ea-header\"><a class=\"collapsed\" data-sptoggle=\"spcollapse\" data-sptarget=\"#collapse108580\" href=\"javascript:void(0)\" aria-expanded=\"true\"><i class=\"ea-expand-icon fa fa-chevron-down\"><\/i>  Resoluciones del Pleno del TCE que establecen Jurispruddencia Electoral  Oligatoria: <\/a><\/h4><div class=\"sp-collapse spcollapse collapsed show \" id=\"collapse108580\" data-parent=\"#sp-ea-10858\"><div class=\"ea-body animated fadeIn\"> <p>Las resoluciones que determinan jurisprudencia electoral obligatoria se emiten seg\u00fan el art\u00edculo 7 del Reglamento de Fallos Contradictorios. Este art\u00edculo establece que, al identificar fallos contradictorios, la Presidenta o Presidente del Tribunal remite el informe a los jueces principales. El Pleno del Tribunal, mediante votaci\u00f3n mayoritaria, adopta una resoluci\u00f3n con car\u00e1cter obligatorio que regir\u00e1 para el futuro, en cumplimiento del art\u00edculo 70, numeral 8, del C\u00f3digo de la Democracia.<\/p>\n<p><a class=\"descargar-acordeon\" href=\"\/wp-content\/uploads\/2024\/03\/Resolucion-Jurisprudencia-Electoral-Obligatoria.pdf\" target=\"_blank\" rel=\"noopener\"> Resoluci\u00f3n Jurisprudencia Electoral Obligatoria <\/a><\/p>\n<p><a class=\"descargar-acordeon\" href=\"\/wp-content\/uploads\/2024\/07\/sentencia-jurisprudencial-01-1.pdf\" target=\"_blank\" rel=\"noopener\"> Ficha: Res. Nro. 01-JE-TCE-2024 <\/a><\/p>\n <\/div><\/div><\/div><div class=\"ea-card   sp-ea-single\" ><h4 class=\"ea-header\"><a class=\"collapsed\" data-sptoggle=\"spcollapse\" data-sptarget=\"#collapse108581\" href=\"javascript:void(0)\" aria-expanded=\"false\"><i class=\"ea-expand-icon fa fa-chevron-up\"><\/i>  Sentencias que emiten Jurisprudencia Electoral Obligatoria:<\/a><\/h4><div class=\"sp-collapse spcollapse   \" id=\"collapse108581\" data-parent=\"#sp-ea-10858\"><div class=\"ea-body animated fadeIn\"> <p>Conforme al art\u00edculo 8 del Reglamento que regula la resoluci\u00f3n de de Fallos Contradictorios del TCE, cuando un juez principal identifica fallos contradictorios en un caso espec\u00edfico, elabora un proyecto de sentencia que es puesto a consideraci\u00f3n del Pleno. Esta sentencia es de \u00faltima instancia y de inmediato cumplimiento, conforme al art\u00edculo 44 del Reglamento de Tr\u00e1mites del Tribunal Contencioso Electoral, garantizando la uniformidad y certeza jur\u00eddica en el \u00e1mbito electoral.<\/p>\n<p><a class=\"descargar-acordeon\" href=\"\/wp-content\/uploads\/2024\/07\/sentencia-jurisprudencial-111.pdf\" target=\"_blank\" rel=\"noopener\"> Ficha: Sentencia N. 111-2023-TCE <\/a><\/p>\n <\/div><\/div><\/div><\/div> \n\n","protected":false},"excerpt":{"rendered":"<div class=\"entry-summary\">\nJurisprudencia Obligatoria &#8220;Mediante Resoluci\u00f3n PLE-TCE-1-09-06-2023-EXT, se expide el Reglamento que regula la Resoluci\u00f3n de Fallos Contradictorios del Tribunal&hellip;\n<\/div>\n<div class=\"link-more\"><a href=\"https:\/\/www.tce.gob.ec\/index.php\/jurisprudencia-obligatoria\/\" class=\"more-link\">Continuar leyendo<span class=\"screen-reader-text\"> &ldquo;Jurisprudencia Obligatoria&rdquo;<\/span>&hellip;<\/a><\/div>\n","protected":false},"author":10,"featured_media":0,"parent":0,"menu_order":0,"comment_status":"closed","ping_status":"closed","template":"templates\/no-title.php","meta":{"_monsterinsights_skip_tracking":false,"_monsterinsights_sitenote_active":false,"_monsterinsights_sitenote_note":"","_monsterinsights_sitenote_category":0,"footnotes":""},"categories":[1],"tags":[],"class_list":["post-10856","page","type-page","status-publish","hentry","category-sin-categoria","entry"],"amp_enabled":false,"_links":{"self":[{"href":"https:\/\/www.tce.gob.ec\/index.php\/wp-json\/wp\/v2\/pages\/10856","targetHints":{"allow":["GET"]}}],"collection":[{"href":"https:\/\/www.tce.gob.ec\/index.php\/wp-json\/wp\/v2\/pages"}],"about":[{"href":"https:\/\/www.tce.gob.ec\/index.php\/wp-json\/wp\/v2\/types\/page"}],"author":[{"embeddable":true,"href":"https:\/\/www.tce.gob.ec\/index.php\/wp-json\/wp\/v2\/users\/10"}],"replies":[{"embeddable":true,"href":"https:\/\/www.tce.gob.ec\/index.php\/wp-json\/wp\/v2\/comments?post=10856"}],"version-history":[{"count":5,"href":"https:\/\/www.tce.gob.ec\/index.php\/wp-json\/wp\/v2\/pages\/10856\/revisions"}],"predecessor-version":[{"id":11353,"href":"https:\/\/www.tce.gob.ec\/index.php\/wp-json\/wp\/v2\/pages\/10856\/revisions\/11353"}],"wp:attachment":[{"href":"https:\/\/www.tce.gob.ec\/index.php\/wp-json\/wp\/v2\/media?parent=10856"}],"wp:term":[{"taxonomy":"category","embeddable":true,"href":"https:\/\/www.tce.gob.ec\/index.php\/wp-json\/wp\/v2\/categories?post=10856"},{"taxonomy":"post_tag","embeddable":true,"href":"https:\/\/www.tce.gob.ec\/index.php\/wp-json\/wp\/v2\/tags?post=10856"}],"curies":[{"name":"wp","href":"https:\/\/api.w.org\/{rel}","templated":true}]}}