{"id":13332,"date":"2025-08-12T15:28:16","date_gmt":"2025-08-12T20:28:16","guid":{"rendered":"https:\/\/www.tce.gob.ec\/?page_id=13332"},"modified":"2025-08-12T17:35:14","modified_gmt":"2025-08-12T22:35:14","slug":"asesoria-patrocionio-vpg","status":"publish","type":"page","link":"https:\/\/www.tce.gob.ec\/index.php\/asesoria-patrocionio-vpg\/","title":{"rendered":"Asesoria y Patrocinio VPG"},"content":{"rendered":"\n<div class=\"aioseo-breadcrumbs\"><span class=\"aioseo-breadcrumb\">\n\tInicio\n<\/span><\/div>\n<h3>\n\t\tASESOR\u00cdA Y PATROCINIO GRATUITO EN CASOS DE VIOLENCIA POL\u00cdTICA DE G\u00c9NERO\n\t<\/h3>\n\t<p>En cumplimiento a lo dispuesto en el art\u00edculo 284.1 numeral 2 de la Ley Org\u00e1nica Electoral y de Organizaciones Pol\u00edticas de la Rep\u00fablica del Ecuador, C\u00f3digo de la Democracia, que se\u00f1ala: &#8220;<em>En las causas de violencia pol\u00edtica de g\u00e9nero se contemplar\u00e1n las siguientes reglas de car\u00e1cter obligatorio: (\u2026)<\/em><\/p>\n<p><em>2. Se le garantizar\u00e1 su derecho a asesoramiento y patrocinio jur\u00eddico gratuito y especializado conforme lo dispuesto en la Ley Org\u00e1nica Integral para Prevenir y Erradicar la Violencia contra las Mujeres, atendiendo a las disposiciones establecidas en la presente ley<\/em>&#8220;.<\/p>\n<p>Al respecto, se pone a disposici\u00f3n de la ciudadan\u00eda el siguiente canal de contacto para asesor\u00eda y patrocinio gratuito en los casos de violencia pol\u00edtica de g\u00e9nero a cargo de la Defensor\u00eda P\u00fablica: <a href=\"mailto:violenciapoliticagenero@defensoria.gob.ec\">violenciapoliticagenero@defensoria.gob.ec<\/a><\/p>\n\t<small><a href=\"https:\/\/www.defensoria.gob.ec\/\" target=\"_blank\" rel=\"noopener\"> link-Defensor\u00eda P\u00fablica <\/a><\/small>\n","protected":false},"excerpt":{"rendered":"<div class=\"entry-summary\">\nASESOR\u00cdA Y PATROCINIO GRATUITO EN CASOS DE VIOLENCIA POL\u00cdTICA DE G\u00c9NERO En cumplimiento a lo dispuesto en el&hellip;\n<\/div>\n<div class=\"link-more\"><a href=\"https:\/\/www.tce.gob.ec\/index.php\/asesoria-patrocionio-vpg\/\" class=\"more-link\">Continuar leyendo<span class=\"screen-reader-text\"> &ldquo;Asesoria y Patrocinio VPG&rdquo;<\/span>&hellip;<\/a><\/div>\n","protected":false},"author":10,"featured_media":13377,"parent":0,"menu_order":0,"comment_status":"closed","ping_status":"closed","template":"templates\/no-title.php","meta":{"_monsterinsights_skip_tracking":false,"_monsterinsights_sitenote_active":false,"_monsterinsights_sitenote_note":"","_monsterinsights_sitenote_category":0,"footnotes":""},"categories":[],"tags":[],"class_list":["post-13332","page","type-page","status-publish","has-post-thumbnail","hentry","entry"],"amp_enabled":false,"_links":{"self":[{"href":"https:\/\/www.tce.gob.ec\/index.php\/wp-json\/wp\/v2\/pages\/13332","targetHints":{"allow":["GET"]}}],"collection":[{"href":"https:\/\/www.tce.gob.ec\/index.php\/wp-json\/wp\/v2\/pages"}],"about":[{"href":"https:\/\/www.tce.gob.ec\/index.php\/wp-json\/wp\/v2\/types\/page"}],"author":[{"embeddable":true,"href":"https:\/\/www.tce.gob.ec\/index.php\/wp-json\/wp\/v2\/users\/10"}],"replies":[{"embeddable":true,"href":"https:\/\/www.tce.gob.ec\/index.php\/wp-json\/wp\/v2\/comments?post=13332"}],"version-history":[{"count":18,"href":"https:\/\/www.tce.gob.ec\/index.php\/wp-json\/wp\/v2\/pages\/13332\/revisions"}],"predecessor-version":[{"id":13386,"href":"https:\/\/www.tce.gob.ec\/index.php\/wp-json\/wp\/v2\/pages\/13332\/revisions\/13386"}],"wp:featuredmedia":[{"embeddable":true,"href":"https:\/\/www.tce.gob.ec\/index.php\/wp-json\/wp\/v2\/media\/13377"}],"wp:attachment":[{"href":"https:\/\/www.tce.gob.ec\/index.php\/wp-json\/wp\/v2\/media?parent=13332"}],"wp:term":[{"taxonomy":"category","embeddable":true,"href":"https:\/\/www.tce.gob.ec\/index.php\/wp-json\/wp\/v2\/categories?post=13332"},{"taxonomy":"post_tag","embeddable":true,"href":"https:\/\/www.tce.gob.ec\/index.php\/wp-json\/wp\/v2\/tags?post=13332"}],"curies":[{"name":"wp","href":"https:\/\/api.w.org\/{rel}","templated":true}]}}