{"id":1882,"date":"2016-02-28T12:56:03","date_gmt":"2016-02-28T17:56:03","guid":{"rendered":"http:\/\/themedemos.webmandesign.eu\/polyclinic\/?page_id=1882"},"modified":"2026-05-03T18:14:44","modified_gmt":"2026-05-03T23:14:44","slug":"tce-home","status":"publish","type":"page","link":"https:\/\/www.tce.gob.ec\/","title":{"rendered":"TCE-INICIO"},"content":{"rendered":"\n\n\t\t\t<img decoding=\"async\" loading='false' src=\"https:\/\/www.tce.gob.ec\/wp-content\/uploads\/2026\/03\/WEB-2-scaled.jpg\" alt=\"\" \/><a href=\"index.php\/autoridades\/\" target=\"_self\" aria-label=\"\"><\/a>\t\t\t\n\t\t\t<img decoding=\"async\" loading='false' src=\"https:\/\/www.tce.gob.ec\/wp-content\/uploads\/2021\/12\/inicio-carrusel1.jpg\" alt=\"\" \/>\t\t\t\n\t\t\t<img decoding=\"async\" loading='false' src=\"https:\/\/www.tce.gob.ec\/wp-content\/uploads\/2021\/12\/inicio-carrusel2.jpg\" alt=\"carrusel 2\" \/><a href=\"index.php\/calendario-audiencias-y-sesiones\/\" target=\"_self\" aria-label=\"Calendario de Audiencias y Sesiones de Pleno\"><\/a>\t\t\t\n\t\t\t\t<h2>Calendario de Audiencias y Sesiones de Pleno<\/h2>\t\t\t\n<a href=\"index.php\/causas-contencioso-electoral\/\" class=\"wm-button color-neutral size-extra-large button\"><span class=\"icon-balance-scale\" aria-hidden=\"true\"> <\/span>Causas Contencioso Electorales<\/a><a href=\"index.php\/jurisprudencia-electoral\/\" class=\"wm-button color-neutral size-extra-large button\"><span class=\"icon-search\" aria-hidden=\"true\"> <\/span>Jurisprudencia Electoral<\/a><a href=\"index.php\/gaceta-contencioso-electoral\/\" class=\"wm-button color-neutral size-extra-large button\"><span class=\"icon-book\" aria-hidden=\"true\"> <\/span>Gaceta Contencioso Electoral<\/a>\n\t<a href=\"#\"><h2> Sistema Integrado de Documentos Jurisdiccionales<\/h2><\/a>\n<iframe loading=\"lazy\" width=\"560\" height=\"315\" src=\"https:\/\/www.youtube.com\/embed\/r2jZa8FeMU0?si=hZOMWjRmibSbLwcF\" title=\"YouTube video player\" frameborder=\"0\" allow=\"accelerometer; autoplay; clipboard-write; encrypted-media; gyroscope; picture-in-picture; web-share\" referrerpolicy=\"strict-origin-when-cross-origin\" allowfullscreen><\/iframe>\n<h5><strong>Rendici\u00f3n de Cuentas a la Ciudadan\u00eda (Quito).<\/strong><\/h5>\n<p>Bienvenidos a los videos institucionales del TCE<\/p>\n\t<a href=\"https:\/\/revista.tce.gob.ec\/index.php\/rjed\"><h2>_________________________<\/h2><h2>_____ <\/h2><\/a>\n\t\t\t\t<a href=\"index.php\/secretaria-general\" target=\"_self\" itemprop=\"url\">\n\t\t\t\t<img loading=\"lazy\" decoding=\"async\" src=\"https:\/\/www.tce.gob.ec\/wp-content\/uploads\/2021\/10\/icono-inicio-secretaria.jpg\" alt=\"\u00edcono secretar\u00eda General\" itemprop=\"image\" height=\"80\" width=\"80\" title=\"icono-inicio-secretaria\" onerror=\"this.style.display='none'\"  \/>\n\t\t\t\t<\/a>\n\t<a href=\"index.php\/secretaria-general\">\n<h6>Secretar\u00eda General<\/h6>\n<ul><li>Resoluciones de Pleno<\/li>\n<li>Convocatorias<\/li>\n<\/ul>\n<\/a>\n\t\t\t\t<a href=\"index.php\/servicios-ciudadanos\/\" target=\"_self\" itemprop=\"url\">\n\t\t\t\t<img decoding=\"async\" src=\"https:\/\/www.tce.gob.ec\/wp-content\/uploads\/2021\/12\/icono-inicio-servicios.jpg\" alt=\"icono-inicio-servicios\" itemprop=\"image\" title=\"icono-inicio-servicios\" onerror=\"this.style.display='none'\"  \/>\n\t\t\t\t<\/a>\n\t<a href=\"index.php\/servicios-ciudadanos\/\">\n<h6>Servicio al Ciudadano<\/h6>\n<ul><li>Buz\u00f3n en l\u00ednea<\/li>\n<li>Contactos<\/li>\n<li>Certificado en l\u00ednea<\/li>\n<\/ul>\n<\/a>\n\t\t\t\t<a href=\"index.php\/capacitacion-en-linea\" target=\"_self\" itemprop=\"url\">\n\t\t\t\t<img loading=\"lazy\" decoding=\"async\" src=\"https:\/\/www.tce.gob.ec\/wp-content\/uploads\/2021\/10\/icono-inicio-capacitacion.jpg\" alt=\"\u00edcono Capacitacion en Linea\" itemprop=\"image\" height=\"80\" width=\"80\" title=\"icono-inicio-capacitacion\" onerror=\"this.style.display='none'\"  \/>\n\t\t\t\t<\/a>\n\t<a href=\"index.php\/capacitacion-en-linea\"><h6>Capacitaci\u00f3n en L\u00ednea<\/h6>\n<ul><li>Cursos<\/li>\n<li>Certificados de capacitaci\u00f3n <\/li>\n<\/ul><\/a>\n\t\t\t\t<a href=\"#\" target=\"_self\" itemprop=\"url\">\n\t\t\t\t<img loading=\"lazy\" decoding=\"async\" src=\"https:\/\/www.tce.gob.ec\/wp-content\/uploads\/2021\/10\/icono-inicio-gaceta.jpg\" alt=\"\u00edcono Gaceta Americana\" itemprop=\"image\" height=\"80\" width=\"80\" title=\"icono-inicio-gaceta\" onerror=\"this.style.display='none'\"  \/>\n\t\t\t\t<\/a>\n\t<a href=\"index.php\/gaceta-americana\">\n<h6>Gaceta Americana de Justicia Electoral<\/h6>\n<\/a>\n\t\t\t\t<a href=\"index.php\/publicaciones\" target=\"_self\" itemprop=\"url\">\n\t\t\t\t<img loading=\"lazy\" decoding=\"async\" src=\"https:\/\/www.tce.gob.ec\/wp-content\/uploads\/2021\/10\/icono-inicio-publicaciones.jpg\" alt=\"\u00edcono Publicaciones\" itemprop=\"image\" height=\"80\" width=\"80\" title=\"icono-inicio-publicaciones\" onerror=\"this.style.display='none'\"  \/>\n\t\t\t\t<\/a>\n\t<a href=\"index.php\/publicaciones\">\n<h6>Publicaciones<\/h6>\nBoletines, Revistas, Libros\n<\/a>\n\t\t\t\t<a href=\"#\" target=\"_self\" itemprop=\"url\">\n\t\t\t\t<img loading=\"lazy\" decoding=\"async\" src=\"https:\/\/www.tce.gob.ec\/wp-content\/uploads\/2021\/10\/icono-inicio-biblioteca.jpg\" alt=\"\u00edcono Biblioteca\" itemprop=\"image\" height=\"80\" width=\"80\" title=\"icono-inicio-biblioteca\" onerror=\"this.style.display='none'\"  \/>\n\t\t\t\t<\/a>\n\t<a href=\"index.php\/biblioteca\" target=\"_blank\"><h6>Biblioteca<\/h6>\nBiblioteca del TCE<\/a>\n<h4>\n\t\tNOTICIAS\n\t<\/h4>\n\t<h2>Institucionales<\/h2>\n\t<h2>Jurisdiccionales<\/h2>\n\t\t\t<a href=\"https:\/\/www.tce.gob.ec\/index.php\/asesoria-patrocionio-vpg\/ \" target=\"_self\" role=\"button\">\n\t\t\t\t\t\t\tAsesor\u00eda y Patrocinio Gratuito en Casos de Violencia Pol\u00edtica de G\u00e9nero\n\t\t\t\t\t<\/a>\n\n","protected":false},"excerpt":{"rendered":"<div class=\"entry-summary\">\nCalendario de Audiencias y Sesiones de Pleno Sistema Integrado de Documentos Jurisdiccionales Rendici\u00f3n de Cuentas a la Ciudadan\u00eda&hellip;\n<\/div>\n<div class=\"link-more\"><a href=\"https:\/\/www.tce.gob.ec\/\" class=\"more-link\">Continuar leyendo<span class=\"screen-reader-text\"> &ldquo;TCE-INICIO&rdquo;<\/span>&hellip;<\/a><\/div>\n","protected":false},"author":1,"featured_media":0,"parent":0,"menu_order":1,"comment_status":"closed","ping_status":"closed","template":"templates\/no-title.php","meta":{"_monsterinsights_skip_tracking":false,"_monsterinsights_sitenote_active":false,"_monsterinsights_sitenote_note":"","_monsterinsights_sitenote_category":0,"footnotes":""},"categories":[],"tags":[],"class_list":["post-1882","page","type-page","status-publish","hentry","entry"],"amp_enabled":false,"_links":{"self":[{"href":"https:\/\/www.tce.gob.ec\/index.php\/wp-json\/wp\/v2\/pages\/1882","targetHints":{"allow":["GET"]}}],"collection":[{"href":"https:\/\/www.tce.gob.ec\/index.php\/wp-json\/wp\/v2\/pages"}],"about":[{"href":"https:\/\/www.tce.gob.ec\/index.php\/wp-json\/wp\/v2\/types\/page"}],"author":[{"embeddable":true,"href":"https:\/\/www.tce.gob.ec\/index.php\/wp-json\/wp\/v2\/users\/1"}],"replies":[{"embeddable":true,"href":"https:\/\/www.tce.gob.ec\/index.php\/wp-json\/wp\/v2\/comments?post=1882"}],"version-history":[{"count":276,"href":"https:\/\/www.tce.gob.ec\/index.php\/wp-json\/wp\/v2\/pages\/1882\/revisions"}],"predecessor-version":[{"id":14268,"href":"https:\/\/www.tce.gob.ec\/index.php\/wp-json\/wp\/v2\/pages\/1882\/revisions\/14268"}],"wp:attachment":[{"href":"https:\/\/www.tce.gob.ec\/index.php\/wp-json\/wp\/v2\/media?parent=1882"}],"wp:term":[{"taxonomy":"category","embeddable":true,"href":"https:\/\/www.tce.gob.ec\/index.php\/wp-json\/wp\/v2\/categories?post=1882"},{"taxonomy":"post_tag","embeddable":true,"href":"https:\/\/www.tce.gob.ec\/index.php\/wp-json\/wp\/v2\/tags?post=1882"}],"curies":[{"name":"wp","href":"https:\/\/api.w.org\/{rel}","templated":true}]}}