{"id":2983,"date":"2021-11-03T18:13:14","date_gmt":"2021-11-03T23:13:14","guid":{"rendered":"https:\/\/www.tce.gob.ec\/?page_id=2983"},"modified":"2025-01-20T15:08:23","modified_gmt":"2025-01-20T20:08:23","slug":"capacitacion-en-linea","status":"publish","type":"page","link":"https:\/\/www.tce.gob.ec\/index.php\/capacitacion-en-linea\/","title":{"rendered":"Capacitaci\u00f3n en L\u00ednea"},"content":{"rendered":"\n\n\t<div class=\"aioseo-breadcrumbs\"><span class=\"aioseo-breadcrumb\">\n\tInicio\n<\/span><\/div>\n<h2>\n\t\tCapacitaci\u00f3n en L\u00ednea\n\t<\/h2>\n\t\t\t\t<img loading=\"lazy\" decoding=\"async\" src=\"https:\/\/www.tce.gob.ec\/wp-content\/uploads\/2023\/01\/WhatsApp-Image-2023-01-11-at-12.03.09-PM.jpeg\" alt=\"WhatsApp Image 2023-01-11 at 12.03.09 PM\" itemprop=\"image\" height=\"976\" width=\"1280\" title=\"WhatsApp Image 2023-01-11 at 12.03.09 PM\" onerror=\"this.style.display='none'\"  \/>\n\t<a target=\"_blank\" href=\"\/e-learning\" rel=\"noopener\">\n<h4>E-Learning<\/h4>\n<p>Ingrese a nuestra plataforma<br \/>E-Learning<\/p>\n<\/a>\n\t<a href=\"https:\/\/ws.tce.gob.ec\/registro_eventos\/ver_diploma.jsp\" target=\"_blank\" rel=\"noopener\">\n<h4>Certificados<\/h4>\n<p>Obtenga aqu\u00ed su certificado digital<\/p>\n<\/a>\n\n","protected":false},"excerpt":{"rendered":"<div class=\"entry-summary\">\nCapacitaci\u00f3n en L\u00ednea E-Learning Ingrese a nuestra plataformaE-Learning Certificados Obtenga aqu\u00ed su certificado digital\n<\/div>\n<div class=\"link-more\"><a href=\"https:\/\/www.tce.gob.ec\/index.php\/capacitacion-en-linea\/\" class=\"more-link\">Continuar leyendo<span class=\"screen-reader-text\"> &ldquo;Capacitaci\u00f3n en L\u00ednea&rdquo;<\/span>&hellip;<\/a><\/div>\n","protected":false},"author":1,"featured_media":0,"parent":0,"menu_order":0,"comment_status":"closed","ping_status":"closed","template":"templates\/no-title.php","meta":{"_monsterinsights_skip_tracking":false,"_monsterinsights_sitenote_active":false,"_monsterinsights_sitenote_note":"","_monsterinsights_sitenote_category":0,"footnotes":""},"categories":[],"tags":[],"class_list":["post-2983","page","type-page","status-publish","hentry","entry"],"amp_enabled":false,"_links":{"self":[{"href":"https:\/\/www.tce.gob.ec\/index.php\/wp-json\/wp\/v2\/pages\/2983","targetHints":{"allow":["GET"]}}],"collection":[{"href":"https:\/\/www.tce.gob.ec\/index.php\/wp-json\/wp\/v2\/pages"}],"about":[{"href":"https:\/\/www.tce.gob.ec\/index.php\/wp-json\/wp\/v2\/types\/page"}],"author":[{"embeddable":true,"href":"https:\/\/www.tce.gob.ec\/index.php\/wp-json\/wp\/v2\/users\/1"}],"replies":[{"embeddable":true,"href":"https:\/\/www.tce.gob.ec\/index.php\/wp-json\/wp\/v2\/comments?post=2983"}],"version-history":[{"count":21,"href":"https:\/\/www.tce.gob.ec\/index.php\/wp-json\/wp\/v2\/pages\/2983\/revisions"}],"predecessor-version":[{"id":12529,"href":"https:\/\/www.tce.gob.ec\/index.php\/wp-json\/wp\/v2\/pages\/2983\/revisions\/12529"}],"wp:attachment":[{"href":"https:\/\/www.tce.gob.ec\/index.php\/wp-json\/wp\/v2\/media?parent=2983"}],"wp:term":[{"taxonomy":"category","embeddable":true,"href":"https:\/\/www.tce.gob.ec\/index.php\/wp-json\/wp\/v2\/categories?post=2983"},{"taxonomy":"post_tag","embeddable":true,"href":"https:\/\/www.tce.gob.ec\/index.php\/wp-json\/wp\/v2\/tags?post=2983"}],"curies":[{"name":"wp","href":"https:\/\/api.w.org\/{rel}","templated":true}]}}