{"id":3417,"date":"2021-11-08T14:32:02","date_gmt":"2021-11-08T19:32:02","guid":{"rendered":"https:\/\/www.tce.gob.ec\/?page_id=3417"},"modified":"2023-02-09T15:26:15","modified_gmt":"2023-02-09T20:26:15","slug":"historia","status":"publish","type":"page","link":"https:\/\/www.tce.gob.ec\/index.php\/historia\/","title":{"rendered":"Historia"},"content":{"rendered":"\n\n\t<div class=\"aioseo-breadcrumbs\"><span class=\"aioseo-breadcrumb\">\n\tInicio\n<\/span><\/div>\n<h2>\n\t\tLa Instituci\u00f3n\n\t<\/h2>\n\t\t\t\t<img loading=\"lazy\" decoding=\"async\" src=\"https:\/\/www.tce.gob.ec\/wp-content\/uploads\/2023\/02\/foto-tce.jpg\" alt=\"foto tce\" itemprop=\"image\" height=\"558\" width=\"933\" title=\"foto tce\" onerror=\"this.style.display='none'\"  \/>\n<h3>\n\t\tBreve Historia del Tribunal Contencioso Electoral\n\t<\/h3>\n\tEl 28 de septiembre de 2008, mediante Refer\u00e9ndum se aprob\u00f3 la Constituci\u00f3n de la Rep\u00fablica del Ecuador, la misma estableci\u00f3 una reforma al modelo del Estado Ecuatoriano, que en la actualidad cuenta con cinco Funciones que permiten equilibrar el ejercicio del poder p\u00fablico.\nLa Funci\u00f3n Electoral se constituy\u00f3 con dos \u00f3rganos aut\u00f3nomos, con personer\u00eda jur\u00eddica e independencia en sus funciones, el administrativo y el Tribunal Contencioso Electoral, \u00f3rgano de administraci\u00f3n de justicia especializada, que tiene su sede en la ciudad de Quito y jurisdicci\u00f3n nacional. Se conforma por 5 Magistrados principales y 5 Magistrados suplentes, que administran justicia con la misma jerarqu\u00eda que los magistrados de las Cortes Nacionales, es decir sus fallos son inapelables y pueden constituirse en jurisprudencia. \nEl TCE  trabaja desde la misi\u00f3n institucional, que es prestar servicio p\u00fablico de administraci\u00f3n de justicia electoral como \u00faltima y definitiva instancia jurisdiccional, con aplicaci\u00f3n de los principios de autonom\u00eda, independencia, publicidad, transparencia, equidad, interculturalidad, paridad de g\u00e9nero, celeridad, probidad, certeza, eficacia, eficiencia y calidad. Su existencia fortalece la tutela efectiva de los derechos de participaci\u00f3n pol\u00edtica en la posibilidad que tienen los ciudadanos de elegir y ser elegidos. \n\tCon la creaci\u00f3n del TCE se dieron importantes avances en materia electoral, entre los que destacan su fortalecimiento institucional desde el contar personer\u00eda jur\u00eddica propia y autonom\u00eda en la toma de sus decisiones. Sus Magistrados, son elegidos de manera transparente en concurso p\u00fablico.\nEl TCE genera v\u00ednculos de trabajo compartido con los \u00f3rganos de justicia electoral de Am\u00e9rica, con muchos de los cuales mantiene convenios de cooperaci\u00f3n que le han hecho part\u00edcipe de varios procesos democr\u00e1ticos de los pa\u00edses de la regi\u00f3n; y le han permitido contar con espacios de di\u00e1logo y cooperaci\u00f3n interinstitucional para un mejor cumplimiento de su misi\u00f3n institucional. \nEl Pleno del TCE, el 25 de junio del 2019, declar\u00f3 al 28 de septiembre de cada a\u00f1o como &#8220;D\u00eda de la Justicia Electoral en el Ecuador y D\u00eda del Tribunal Contencioso Electoral&#8221;.\n\n\n","protected":false},"excerpt":{"rendered":"<div class=\"entry-summary\">\nLa Instituci\u00f3n Breve Historia del Tribunal Contencioso Electoral El 28 de septiembre de 2008, mediante Refer\u00e9ndum se aprob\u00f3&hellip;\n<\/div>\n<div class=\"link-more\"><a href=\"https:\/\/www.tce.gob.ec\/index.php\/historia\/\" class=\"more-link\">Continuar leyendo<span class=\"screen-reader-text\"> &ldquo;Historia&rdquo;<\/span>&hellip;<\/a><\/div>\n","protected":false},"author":1,"featured_media":0,"parent":0,"menu_order":4,"comment_status":"closed","ping_status":"closed","template":"templates\/no-title.php","meta":{"_monsterinsights_skip_tracking":false,"_monsterinsights_sitenote_active":false,"_monsterinsights_sitenote_note":"","_monsterinsights_sitenote_category":0,"footnotes":""},"categories":[],"tags":[],"class_list":["post-3417","page","type-page","status-publish","hentry","entry"],"amp_enabled":false,"_links":{"self":[{"href":"https:\/\/www.tce.gob.ec\/index.php\/wp-json\/wp\/v2\/pages\/3417","targetHints":{"allow":["GET"]}}],"collection":[{"href":"https:\/\/www.tce.gob.ec\/index.php\/wp-json\/wp\/v2\/pages"}],"about":[{"href":"https:\/\/www.tce.gob.ec\/index.php\/wp-json\/wp\/v2\/types\/page"}],"author":[{"embeddable":true,"href":"https:\/\/www.tce.gob.ec\/index.php\/wp-json\/wp\/v2\/users\/1"}],"replies":[{"embeddable":true,"href":"https:\/\/www.tce.gob.ec\/index.php\/wp-json\/wp\/v2\/comments?post=3417"}],"version-history":[{"count":21,"href":"https:\/\/www.tce.gob.ec\/index.php\/wp-json\/wp\/v2\/pages\/3417\/revisions"}],"predecessor-version":[{"id":8721,"href":"https:\/\/www.tce.gob.ec\/index.php\/wp-json\/wp\/v2\/pages\/3417\/revisions\/8721"}],"wp:attachment":[{"href":"https:\/\/www.tce.gob.ec\/index.php\/wp-json\/wp\/v2\/media?parent=3417"}],"wp:term":[{"taxonomy":"category","embeddable":true,"href":"https:\/\/www.tce.gob.ec\/index.php\/wp-json\/wp\/v2\/categories?post=3417"},{"taxonomy":"post_tag","embeddable":true,"href":"https:\/\/www.tce.gob.ec\/index.php\/wp-json\/wp\/v2\/tags?post=3417"}],"curies":[{"name":"wp","href":"https:\/\/api.w.org\/{rel}","templated":true}]}}