{"id":3649,"date":"2021-11-10T12:27:08","date_gmt":"2021-11-10T17:27:08","guid":{"rendered":"https:\/\/www.tce.gob.ec\/?page_id=3649"},"modified":"2023-07-27T10:19:37","modified_gmt":"2023-07-27T15:19:37","slug":"reflexiones-principal","status":"publish","type":"page","link":"https:\/\/www.tce.gob.ec\/index.php\/reflexiones-principal\/","title":{"rendered":"Reflexiones Principal"},"content":{"rendered":"\n\n\t<div class=\"aioseo-breadcrumbs\"><span class=\"aioseo-breadcrumb\">\n\tInicio\n<\/span><\/div>\n\t\t\t\t<img loading=\"lazy\" decoding=\"async\" src=\"https:\/\/www.tce.gob.ec\/wp-content\/uploads\/2021\/11\/logo-reflexiones.png\" alt=\"logo reflexiones\" itemprop=\"image\" height=\"130\" width=\"573\" onerror=\"this.style.display='none'\"  \/>\n\t<p>Con el objeto de brindar a la ciudadan\u00eda herramientas que le permitan conocer de manera sencilla, clara y objetiva sus derechos de participaci\u00f3n, los mecanismos para acceder a la justicia y el Derecho Electoral, as\u00ed como el rol del TCE en el desarrollo de los procesos electorales y en el fortalecimien\u00adto del R\u00e9gimen Democr\u00e1tico; se ha desarrollado el bolet\u00edn denominado &#8220;Re\ufb02exiones de Justicia Electoral&#8221; que busca constituirse como un medio de an\u00e1lisis plural, que se aborda de forma peri\u00f3dica tem\u00e1ticas de inter\u00e9s general analizadas desde un enfoque institucional, acad\u00e9mico y ciudadano.<\/p>\n<h5>\n\t\tB\u00fasqueda por a\u00f1o\n\t<\/h5>\n\t<form id=\"buscarAnoreflex\">\n<select name=\"anoReflex\" id=\"anoReflex\"> \n    <option value=\"\" selected=\"\">Seleccione a&ntilde;o<\/option>        \t\t\t<option value=\"\">2021<\/option>\n<\/select>\n<\/form>\n<h5>\n\t\tB\u00fasqueda por tem\u00e1tica\n\t<\/h5>\n<h3>\n\t\tBoletines\n\t<\/h3>\n\t\t\t\t<a href=\"index.php\/reflexiones-2023-9   \" target=\"_self\" itemprop=\"url\" rel=\"noopener\">\n\t\t\t\t<img loading=\"lazy\" decoding=\"async\" src=\"https:\/\/www.tce.gob.ec\/wp-content\/uploads\/2023\/07\/Portada-Boletin-9-2.jpg\" alt=\"Portada Bolet\u00edn 9\" itemprop=\"image\" height=\"836\" width=\"603\" title=\"Portada Bolet\u00edn 9\" onerror=\"this.style.display='none'\"  \/>\n\t\t\t\t<\/a>\n\t<strong>N\u00famero 9<br \/>\n<\/strong>\n<p>Inscripci\u00f3n de Candidaturas del proceso de las elecciones seccionales, CPCCS y Refer\u00e9ndum 2023.<\/p>\n<p><a href=\"https:\/\/www.tce.gob.ec\/wp-content\/uploads\/2023\/07\/Boletin-Reflexiones-de-Justicia-Electoral-No.-9-FINAL-1.pdf \"><small><strong>Leer<\/strong><\/small><\/a><\/p>\n\t\t\t\t<a href=\"index.php\/reflexiones-2023-8\" target=\"_self\" itemprop=\"url\" rel=\"noopener\">\n\t\t\t\t<img loading=\"lazy\" decoding=\"async\" src=\"https:\/\/www.tce.gob.ec\/wp-content\/uploads\/2023\/05\/WhatsApp-Image-2023-05-08-at-4.52.03-PM.jpeg\" alt=\"WhatsApp Image 2023-05-08 at 4.52.03 PM\" itemprop=\"image\" height=\"1600\" width=\"1126\" title=\"WhatsApp Image 2023-05-08 at 4.52.03 PM\" onerror=\"this.style.display='none'\"  \/>\n\t\t\t\t<\/a>\n\t<strong>N\u00famero 8<br \/>\n<\/strong>\n<p>An\u00e1lisis del Recurso Subjetivo Contencioso Electoral<\/p>\n<p><a href=\"https:\/\/www.tce.gob.ec\/wp-content\/uploads\/2022\/12\/Boletin-VII_2022.pdf\"><small><strong>Leer<\/strong><\/small><\/a><\/p>\n\t\t\t\t<a href=\"index.php\/reflexiones-2022-7\" target=\"_self\" itemprop=\"url\" rel=\"noopener\">\n\t\t\t\t<img loading=\"lazy\" decoding=\"async\" src=\"https:\/\/www.tce.gob.ec\/wp-content\/uploads\/2023\/01\/Portada-Boletin-VII.jpeg\" alt=\"Portada Bolet\u00edn VII\" itemprop=\"image\" height=\"1280\" width=\"914\" title=\"Portada Bolet\u00edn VII\" onerror=\"this.style.display='none'\"  \/>\n\t\t\t\t<\/a>\n\t<strong>N\u00famero 7<br \/>\n<\/strong>\n<p>El proceso de elecci\u00f3n de los consejeros del Consejo de Participaci\u00f3n Ciudadana y Control Social (CPCCS)<\/p>\n<p><a href=\"https:\/\/www.tce.gob.ec\/wp-content\/uploads\/2022\/12\/Boletin-VII_2022.pdf\"><small><strong>Leer<\/strong><\/small><\/a><\/p>\n\t\t\t\t<a href=\"index.php\/reflexiones-2022-6\" target=\"_self\" itemprop=\"url\" rel=\"noopener\">\n\t\t\t\t<img loading=\"lazy\" decoding=\"async\" src=\"https:\/\/www.tce.gob.ec\/wp-content\/uploads\/2022\/09\/Portada-Bolentin-6.png\" alt=\"Portada Bolent\u00edn 6\" itemprop=\"image\" height=\"1314\" width=\"930\" title=\"Portada Bolent\u00edn 6\" onerror=\"this.style.display='none'\"  \/>\n\t\t\t\t<\/a>\n\t<strong>N\u00famero 6<br \/>\n<\/strong>\n<p>Los porcentajes de participaci\u00f3n en la conformaci\u00f3n de las listas para las Elecciones Seccionales 2023.<\/p>\n<p><a href=\"\/index.php\/reflexiones-2022-6\"><small><strong>Leer<\/strong><\/small><\/a><\/p>\n\t\t\t\t<a href=\"index.php\/reflexiones-2022-5\" target=\"_self\" itemprop=\"url\" rel=\"noopener\">\n\t\t\t\t<img loading=\"lazy\" decoding=\"async\" src=\"https:\/\/www.tce.gob.ec\/wp-content\/uploads\/2022\/04\/Portada-Boletin-V.png\" alt=\"Portada Bolet\u00edn V\" itemprop=\"image\" height=\"1346\" width=\"950\" title=\"Portada Bolet\u00edn V\" onerror=\"this.style.display='none'\"  \/>\n\t\t\t\t<\/a>\n\t<strong>N\u00famero 5<br \/>\n<\/strong>\n<p>El proceso de las Elecciones Seccionales 2023 y las Reformas al C\u00f3digo de la Democracia<\/p>\n<p><a href=\"\/index.php\/reflexiones-2022-5\"><small><strong>Leer<\/strong><\/small><\/a><\/p>\n\t\t\t\t<a href=\"index.php\/reflexiones-2021-4\" target=\"_self\" itemprop=\"url\" rel=\"noopener\">\n\t\t\t\t<img loading=\"lazy\" decoding=\"async\" src=\"https:\/\/www.tce.gob.ec\/wp-content\/uploads\/2021\/11\/pub-portada-reflexiones-4.jpg\" alt=\"portada reflexiones 2021 4\" itemprop=\"image\" height=\"840\" width=\"593\" title=\"pub-portada-reflexiones-4\" onerror=\"this.style.display='none'\"  \/>\n\t\t\t\t<\/a>\n\t<p><strong>N\u00famero 4<\/strong><\/p>\n<p>Violencia Pol\u00edtica de G\u00e9nero.<\/p>\n<p><small><strong><a href=\"\/index.php\/reflexiones-2021-4\">Leer<\/a><\/strong><\/small><\/p>\n\t\t\t\t<a href=\"index.php\/reflexiones-2021-3\" target=\"_self\" itemprop=\"url\" rel=\"noopener\">\n\t\t\t\t<img loading=\"lazy\" decoding=\"async\" src=\"https:\/\/www.tce.gob.ec\/wp-content\/uploads\/2021\/11\/pub-portada-reflexiones-3.jpg\" alt=\"portada reflexiones 2021 3\" itemprop=\"image\" height=\"840\" width=\"593\" title=\"pub-portada-reflexiones-3\" onerror=\"this.style.display='none'\"  \/>\n\t\t\t\t<\/a>\n\t<p><strong>N\u00famero 3<\/strong><\/p>\n<p>La consulta de remoci\u00f3n de autoridades de los Gobiernos Aut\u00f3nomos Descentralizados<\/p>\n<p><small><strong><a href=\"\/index.php\/reflexiones-2021-3\">Leer<\/a><\/strong><\/small><\/p>\n\t\t\t\t<a href=\"index.php\/reflexiones-2021-2\" target=\"_self\" itemprop=\"url\" rel=\"noopener\">\n\t\t\t\t<img loading=\"lazy\" decoding=\"async\" src=\"https:\/\/www.tce.gob.ec\/wp-content\/uploads\/2021\/11\/pub-portada-reflexiones-2.jpg\" alt=\"portada reflexiones 2021 2\" itemprop=\"image\" height=\"840\" width=\"593\" title=\"pub-portada-reflexiones-2\" onerror=\"this.style.display='none'\"  \/>\n\t\t\t\t<\/a>\n\t<p><strong>N\u00famero 2<\/strong><\/p>\n<p>Juzgamiento de Infracciones Electorales Referentes a la no Presentaci\u00f3n de Cuentas de Campa\u00f1a<\/p>\n\t\t\t\t<a href=\"index.php\/reflexiones-2021-1\" target=\"_self\" itemprop=\"url\" rel=\"noopener\">\n\t\t\t\t<img loading=\"lazy\" decoding=\"async\" src=\"https:\/\/www.tce.gob.ec\/wp-content\/uploads\/2021\/11\/pub-portada-reflexiones-1.jpg\" alt=\"portada reflexiones 2021 1\" itemprop=\"image\" height=\"840\" width=\"593\" title=\"pub-portada-reflexiones-1\" onerror=\"this.style.display='none'\"  \/>\n\t\t\t\t<\/a>\n\t<p><strong>N\u00famero 1<\/strong><\/p>\n<p>La Inscripci\u00f3n de Candidaturas en el Proceso de Elecciones Generales 2021<\/p>\n<p><small><strong><a href=\"\/index.php\/reflexiones-2021-1\">Leer<\/a><\/strong><\/small><\/p>\n\n","protected":false},"excerpt":{"rendered":"<div class=\"entry-summary\">\nCon el objeto de brindar a la ciudadan\u00eda herramientas que le permitan conocer de manera sencilla, clara y&hellip;\n<\/div>\n<div class=\"link-more\"><a href=\"https:\/\/www.tce.gob.ec\/index.php\/reflexiones-principal\/\" class=\"more-link\">Continuar leyendo<span class=\"screen-reader-text\"> &ldquo;Reflexiones Principal&rdquo;<\/span>&hellip;<\/a><\/div>\n","protected":false},"author":1,"featured_media":0,"parent":0,"menu_order":0,"comment_status":"closed","ping_status":"closed","template":"templates\/no-title.php","meta":{"_monsterinsights_skip_tracking":false,"_monsterinsights_sitenote_active":false,"_monsterinsights_sitenote_note":"","_monsterinsights_sitenote_category":0,"footnotes":""},"categories":[35],"tags":[36],"class_list":["post-3649","page","type-page","status-publish","hentry","category-reflexionescate","tag-reflexiones","entry"],"amp_enabled":false,"_links":{"self":[{"href":"https:\/\/www.tce.gob.ec\/index.php\/wp-json\/wp\/v2\/pages\/3649","targetHints":{"allow":["GET"]}}],"collection":[{"href":"https:\/\/www.tce.gob.ec\/index.php\/wp-json\/wp\/v2\/pages"}],"about":[{"href":"https:\/\/www.tce.gob.ec\/index.php\/wp-json\/wp\/v2\/types\/page"}],"author":[{"embeddable":true,"href":"https:\/\/www.tce.gob.ec\/index.php\/wp-json\/wp\/v2\/users\/1"}],"replies":[{"embeddable":true,"href":"https:\/\/www.tce.gob.ec\/index.php\/wp-json\/wp\/v2\/comments?post=3649"}],"version-history":[{"count":76,"href":"https:\/\/www.tce.gob.ec\/index.php\/wp-json\/wp\/v2\/pages\/3649\/revisions"}],"predecessor-version":[{"id":9668,"href":"https:\/\/www.tce.gob.ec\/index.php\/wp-json\/wp\/v2\/pages\/3649\/revisions\/9668"}],"wp:attachment":[{"href":"https:\/\/www.tce.gob.ec\/index.php\/wp-json\/wp\/v2\/media?parent=3649"}],"wp:term":[{"taxonomy":"category","embeddable":true,"href":"https:\/\/www.tce.gob.ec\/index.php\/wp-json\/wp\/v2\/categories?post=3649"},{"taxonomy":"post_tag","embeddable":true,"href":"https:\/\/www.tce.gob.ec\/index.php\/wp-json\/wp\/v2\/tags?post=3649"}],"curies":[{"name":"wp","href":"https:\/\/api.w.org\/{rel}","templated":true}]}}