{"id":4024,"date":"2021-11-13T21:21:49","date_gmt":"2021-11-14T02:21:49","guid":{"rendered":"https:\/\/www.tce.gob.ec\/?page_id=4024"},"modified":"2022-04-27T16:26:26","modified_gmt":"2022-04-27T21:26:26","slug":"reflexiones-2021-1","status":"publish","type":"page","link":"https:\/\/www.tce.gob.ec\/index.php\/reflexiones-principal\/reflexiones-2021-1\/","title":{"rendered":"Reflexiones 2021 1"},"content":{"rendered":"\n\n\t<div class=\"aioseo-breadcrumbs\"><span class=\"aioseo-breadcrumb\">\n\tInicio\n<\/span><\/div>\n\t\t\t\t<img loading=\"lazy\" decoding=\"async\" src=\"https:\/\/www.tce.gob.ec\/wp-content\/uploads\/2021\/11\/logo-reflexiones.png\" alt=\"logo reflexiones\" itemprop=\"image\" height=\"130\" width=\"573\" onerror=\"this.style.display='none'\"  \/>\n\t\t\t\t<a href=\"https:\/\/www.tce.gob.ec\/wp-content\/uploads\/2022\/04\/Boletin-1.png\" target=\"_self\" itemprop=\"url\" rel=\"noopener\">\n\t\t\t\t<img loading=\"lazy\" decoding=\"async\" src=\"https:\/\/www.tce.gob.ec\/wp-content\/uploads\/2022\/04\/Boletin-1.png\" alt=\"Bolet\u00edn 1\" itemprop=\"image\" height=\"1340\" width=\"952\" title=\"Bolet\u00edn 1\" onerror=\"this.style.display='none'\"  \/>\n\t\t\t\t<\/a>\n\t<a href=\"javascript:history.back()\"> Regresar<\/a>\n\t<small><br \/>\n<strong>N\u00famero 1<\/strong><br \/>\nMayo 2021<\/small>\n<h4>Tema:<br \/>\nLa\u00a0 Inscripci\u00f3n de Candidaturas en el Proceso de Elecciones Generales 2021:<\/h4>\n<p>Una mirada desde el \u00c1mbito Jurisdiccional<\/p>\n\t<p><strong>PRESENTACI\u00d3N<\/strong><\/p>\n<p>El Tribunal Contencioso Electoral (TCE) es el \u00f3rgano competente de administrar justicia especializada en materia electoral, cuyos fallos y resoluciuones constituyen jurisprudencia de \u00faltima instancia e inmediato cumplimiento, garantizando de esta manera el ejercicio de los derechos de participaci\u00f3n que se expresan a trav\u00e9s del sufragio.<\/p>\nAb. Milton Andr\u00e9s Paredes Paredes MSc.<br \/>\nDirector de Investigaci\u00f3n Contencioso Electoral\n<h3>\n\t\tSecciones\n\t<\/h3>\n\t<a href=\"index.php\/reflexiones-principal\/reflexiones-2021-1\/esfera-1\">\n    <h5>Esfera  Institucional<\/h5>\n    <p>Procesos de Elecciones e Inscripci\u00f3n de Candidaturas<\/p><\/a>\n\t<a href=\"#\">\n    <h5>\u00c1mbito Electoral<\/h5>\n    <p>La Garant\u00eda Jurisdiccional del Sufragio Pasivo<\/p><\/a>\n    <h5>Precisiones<\/h5>\n    <p>Indicadores de justicia Eelectoral Recurso Subjetivo Contencioso Electoral<\/p>\n    <h5>En Perspectiva <\/h5>\n    <p>Entrevista: Participaci\u00f3n de las Mujeres en las Elecciones Generales 2021<\/p>\n    <h5>Escenario Electoral<\/h5>\n    Cooperaci\u00f3n internacional e Interinstitucional \n\n    <h5>Arte y Cultura Democr\u00e1tica<\/h5>\n    <p>Un pensamiento Integrador<\/p>\n\t<small><a href=\"\/wp-content\/uploads\/2021\/11\/REFLEXIONES-JUSTICIA-ELECTORAL.pdf\" target=\"_blank\" rel=\"noopener\"> Descargar PDF<\/a><\/small>\n<a href=\"#\" class=\"_3d-flip-book  fb3d-link-lightbox-mode\" data-id=\"4041\" data-mode=\"link-lightbox\" data-title=\"false\" data-template=\"short-white-book-view\" data-lightbox=\"dark\" data-urlparam=\"fb3d-page\" data-page-n=\"0\" data-pdf=\"\" data-tax=\"null\" data-thumbnail=\"\" data-cols=\"3\" data-query=\"\"><small> Ver en lector digital<\/small><\/a>\n\n","protected":false},"excerpt":{"rendered":"<div class=\"entry-summary\">\nRegresar N\u00famero 1 Mayo 2021 Tema: La\u00a0 Inscripci\u00f3n de Candidaturas en el Proceso de Elecciones Generales 2021: Una&hellip;\n<\/div>\n<div class=\"link-more\"><a href=\"https:\/\/www.tce.gob.ec\/index.php\/reflexiones-principal\/reflexiones-2021-1\/\" class=\"more-link\">Continuar leyendo<span class=\"screen-reader-text\"> &ldquo;Reflexiones 2021 1&rdquo;<\/span>&hellip;<\/a><\/div>\n","protected":false},"author":1,"featured_media":0,"parent":3649,"menu_order":0,"comment_status":"closed","ping_status":"closed","template":"templates\/no-title.php","meta":{"_monsterinsights_skip_tracking":false,"_monsterinsights_sitenote_active":false,"_monsterinsights_sitenote_note":"","_monsterinsights_sitenote_category":0,"footnotes":""},"categories":[35],"tags":[36],"class_list":["post-4024","page","type-page","status-publish","hentry","category-reflexionescate","tag-reflexiones","entry"],"amp_enabled":false,"_links":{"self":[{"href":"https:\/\/www.tce.gob.ec\/index.php\/wp-json\/wp\/v2\/pages\/4024","targetHints":{"allow":["GET"]}}],"collection":[{"href":"https:\/\/www.tce.gob.ec\/index.php\/wp-json\/wp\/v2\/pages"}],"about":[{"href":"https:\/\/www.tce.gob.ec\/index.php\/wp-json\/wp\/v2\/types\/page"}],"author":[{"embeddable":true,"href":"https:\/\/www.tce.gob.ec\/index.php\/wp-json\/wp\/v2\/users\/1"}],"replies":[{"embeddable":true,"href":"https:\/\/www.tce.gob.ec\/index.php\/wp-json\/wp\/v2\/comments?post=4024"}],"version-history":[{"count":35,"href":"https:\/\/www.tce.gob.ec\/index.php\/wp-json\/wp\/v2\/pages\/4024\/revisions"}],"predecessor-version":[{"id":7289,"href":"https:\/\/www.tce.gob.ec\/index.php\/wp-json\/wp\/v2\/pages\/4024\/revisions\/7289"}],"up":[{"embeddable":true,"href":"https:\/\/www.tce.gob.ec\/index.php\/wp-json\/wp\/v2\/pages\/3649"}],"wp:attachment":[{"href":"https:\/\/www.tce.gob.ec\/index.php\/wp-json\/wp\/v2\/media?parent=4024"}],"wp:term":[{"taxonomy":"category","embeddable":true,"href":"https:\/\/www.tce.gob.ec\/index.php\/wp-json\/wp\/v2\/categories?post=4024"},{"taxonomy":"post_tag","embeddable":true,"href":"https:\/\/www.tce.gob.ec\/index.php\/wp-json\/wp\/v2\/tags?post=4024"}],"curies":[{"name":"wp","href":"https:\/\/api.w.org\/{rel}","templated":true}]}}