{"id":4573,"date":"2021-11-23T11:50:31","date_gmt":"2021-11-23T16:50:31","guid":{"rendered":"https:\/\/www.tce.gob.ec\/?page_id=4573"},"modified":"2025-10-07T12:01:17","modified_gmt":"2025-10-07T17:01:17","slug":"boletines","status":"publish","type":"page","link":"https:\/\/www.tce.gob.ec\/index.php\/publicaciones\/boletines\/","title":{"rendered":"Boletines"},"content":{"rendered":"\n\n\t<div class=\"aioseo-breadcrumbs\"><span class=\"aioseo-breadcrumb\">\n\tInicio\n<\/span><\/div>\n<h2>\n\t\tPublicaciones\n\t<\/h2>\n<h3>\n\t\tBoletines Tribunal Contencioso Electoral\n\t<\/h3>\n\t<p>Aqu\u00ed se encuentran los boletines TCE. Puede visualizar cualquier publicaci\u00f3n al dar click en la portada de cada boletin o tamb\u00eden al dar click en el enlace &#8220;Descargar PDF&#8221;<\/p>\n\t\t\t\t<a href=\"\/wp-content\/uploads\/2025\/10\/Boletin-XV.pdf\" target=\"_blank\" rel=\"noopener\" itemprop=\"url\">\n\t\t\t\t<img loading=\"lazy\" decoding=\"async\" src=\"https:\/\/www.tce.gob.ec\/wp-content\/uploads\/2025\/10\/Portada-Boletin-15.png\" alt=\"Portada Bolet\u00edn 15\" itemprop=\"image\" height=\"1224\" width=\"864\" title=\"Portada Bolet\u00edn 15\" onerror=\"this.style.display='none'\"  \/>\n\t\t\t\t<\/a>\n<p><small>Reflexiones 15<\/small><\/p>\n<p>&nbsp;<\/p>\n\t<small><a href=\"\/wp-content\/uploads\/2025\/10\/Boletin-XV.pdf\" target=\"_blank\" rel=\"noopener\"> Descargar PDF<\/a><\/small>\n\t\t\t\t<a href=\"\/wp-content\/uploads\/2025\/09\/Boletin-Reflexiones-No.14.pdf\" target=\"_blank\" rel=\"noopener\" itemprop=\"url\">\n\t\t\t\t<img loading=\"lazy\" decoding=\"async\" src=\"https:\/\/www.tce.gob.ec\/wp-content\/uploads\/2025\/07\/portada-BOletin-INteligencia-Artificial.png\" alt=\"portada BOlet\u00edn INteligencia Artificial\" itemprop=\"image\" height=\"1088\" width=\"769\" title=\"portada BOlet\u00edn INteligencia Artificial\" onerror=\"this.style.display='none'\"  \/>\n\t\t\t\t<\/a>\n<p><small>Reflexiones 14<\/small><\/p>\n<p>&nbsp;<\/p>\n\t<small><a href=\"\/wp-content\/uploads\/2025\/09\/Boletin-Reflexiones-No.14.pdf\" target=\"_blank\" rel=\"noopener\"> Descargar PDF<\/a><\/small>\n\t\t\t\t<a href=\"\/wp-content\/uploads\/2024\/12\/Boletin-13-3.pdf\" target=\"_blank\" rel=\"noopener\" itemprop=\"url\">\n\t\t\t\t<img loading=\"lazy\" decoding=\"async\" src=\"https:\/\/www.tce.gob.ec\/wp-content\/uploads\/2024\/12\/Portada-Boleti\u0301n-13.png\" alt=\"Portada Boleti\u0301n 13\" itemprop=\"image\" height=\"1237\" width=\"874\" title=\"Portada Boleti\u0301n 13\" onerror=\"this.style.display='none'\"  \/>\n\t\t\t\t<\/a>\n<small>Reflexiones 13<br \/>\n<\/small>\n<p>&nbsp;<\/p>\n\t<small><a href=\"\/wp-content\/uploads\/2024\/12\/Boletin-13-3.pdf\" target=\"_blank\" rel=\"noopener\"> Descargar PDF<\/a><\/small>\n\t\t\t\t<a href=\"\/wp-content\/uploads\/2024\/05\/Reflexiones-12.pdf\" target=\"_blank\" rel=\"noopener\" itemprop=\"url\">\n\t\t\t\t<img loading=\"lazy\" decoding=\"async\" src=\"https:\/\/www.tce.gob.ec\/wp-content\/uploads\/2024\/04\/Portada-Reflexiones-N.12-1.jpeg\" alt=\"Portada Reflexiones N.12\" itemprop=\"image\" height=\"1235\" width=\"868\" title=\"Portada Reflexiones N.12\" onerror=\"this.style.display='none'\"  \/>\n\t\t\t\t<\/a>\n<small>Reflexiones 12<br \/>\n<\/small>\n\t<small><a href=\"\/wp-content\/uploads\/2024\/05\/Reflexiones-12.pdf\" target=\"_blank\" rel=\"noopener\"> Descargar PDF<\/a><\/small>\n\t\t\t\t<a href=\"\/wp-content\/uploads\/2024\/01\/Boleti\u0301n-Reflexiones-N.11.pdf\" target=\"_blank\" rel=\"noopener\" itemprop=\"url\">\n\t\t\t\t<img loading=\"lazy\" decoding=\"async\" src=\"https:\/\/www.tce.gob.ec\/wp-content\/uploads\/2024\/01\/portada.jpg\" alt=\"portada\" itemprop=\"image\" height=\"1416\" width=\"971\" title=\"portada\" onerror=\"this.style.display='none'\"  \/>\n\t\t\t\t<\/a>\n<small>Reflexiones 11<br \/>\n<\/small>\n\t<small><a href=\"\/wp-content\/uploads\/2024\/01\/Boleti\u0301n-Reflexiones-N.11.pdf\" target=\"_blank\" rel=\"noopener\"> Descargar PDF<\/a><\/small>\n\t\t\t\t<a href=\"\/wp-content\/uploads\/2023\/11\/Boleti\u0301n-10.-Final.pdf\" target=\"_blank\" rel=\"noopener\" itemprop=\"url\">\n\t\t\t\t<img loading=\"lazy\" decoding=\"async\" src=\"https:\/\/www.tce.gob.ec\/wp-content\/uploads\/2023\/11\/WhatsApp-Image-2023-11-13-at-4.12.17-PM.jpeg\" alt=\"WhatsApp Image 2023-11-13 at 4.12.17 PM\" itemprop=\"image\" height=\"1233\" width=\"872\" title=\"WhatsApp Image 2023-11-13 at 4.12.17 PM\" onerror=\"this.style.display='none'\"  \/>\n\t\t\t\t<\/a>\n<small>Reflexiones 10<br \/>\n<\/small>\n\t<small><a href=\"\/wp-content\/uploads\/2023\/11\/Boleti\u0301n-10.-Final.pdf\" target=\"_blank\" rel=\"noopener\"> Descargar PDF<\/a><\/small>\n\t\t\t\t<a href=\"\/wp-content\/uploads\/2023\/07\/Boletin-Reflexiones-de-Justicia-Electoral-No.-9-FINAL-1.pdf\" target=\"_blank\" rel=\"noopener\" itemprop=\"url\">\n\t\t\t\t<img loading=\"lazy\" decoding=\"async\" src=\"https:\/\/www.tce.gob.ec\/wp-content\/uploads\/2023\/07\/Portada-Boletin-9.jpg\" alt=\"Portada Bolet\u00edn 9\" itemprop=\"image\" height=\"836\" width=\"603\" title=\"Portada Bolet\u00edn 9\" onerror=\"this.style.display='none'\"  \/>\n\t\t\t\t<\/a>\n<small>Reflexiones 9<br \/>\n<\/small>\n\t<small><a href=\"\/wp-content\/uploads\/2023\/07\/Boletin-Reflexiones-de-Justicia-Electoral-No.-9-FINAL.pdf\" target=\"_blank\" rel=\"noopener\"> Descargar PDF<\/a><\/small>\n<hr class=\"wm-divider type-line\" \/>\n\t\t\t\t<a href=\"\/wp-content\/uploads\/2023\/05\/Boletin-VIII-WEB.pdf\" target=\"_blank\" rel=\"noopener\" itemprop=\"url\">\n\t\t\t\t<img loading=\"lazy\" decoding=\"async\" src=\"https:\/\/www.tce.gob.ec\/wp-content\/uploads\/2023\/05\/WhatsApp-Image-2023-05-08-at-4.52.03-PM.jpeg\" alt=\"WhatsApp Image 2023-05-08 at 4.52.03 PM\" itemprop=\"image\" height=\"1600\" width=\"1126\" title=\"WhatsApp Image 2023-05-08 at 4.52.03 PM\" onerror=\"this.style.display='none'\"  \/>\n\t\t\t\t<\/a>\n<small>Reflexiones 8<br \/>\n<\/small>\n\t<small><a href=\"\/wp-content\/uploads\/2023\/05\/Boletin-VIII-WEB.pdf\" target=\"_blank\" rel=\"noopener\"> Descargar PDF<\/a><\/small>\n\t\t\t\t<a href=\"\/wp-content\/uploads\/2022\/12\/Boletin-VII_2022.pdf\" target=\"_blank\" rel=\"noopener\" itemprop=\"url\">\n\t\t\t\t<img loading=\"lazy\" decoding=\"async\" src=\"https:\/\/www.tce.gob.ec\/wp-content\/uploads\/2022\/12\/Portada-Boletin-VII.jpeg\" alt=\"Portada Bolet\u00edn VII\" itemprop=\"image\" height=\"1280\" width=\"914\" title=\"Portada Bolet\u00edn VII\" onerror=\"this.style.display='none'\"  \/>\n\t\t\t\t<\/a>\n<small>Reflexiones 7<br \/>\n<\/small>\n\t<small><a href=\"\/wp-content\/uploads\/2022\/12\/Boletin-VII_2022.pdf\" target=\"_blank\" rel=\"noopener\"> Descargar PDF<\/a><\/small>\n\t\t\t\t<a href=\"\/wp-content\/uploads\/2022\/09\/Boletin-VI.pdf\" target=\"_blank\" rel=\"noopener\" itemprop=\"url\">\n\t\t\t\t<img loading=\"lazy\" decoding=\"async\" src=\"https:\/\/www.tce.gob.ec\/wp-content\/uploads\/2022\/09\/Portada-Bolentin-6-1.png\" alt=\"Portada Bolent\u00edn 6-1\" itemprop=\"image\" height=\"1314\" width=\"930\" title=\"Portada Bolent\u00edn 6-1\" onerror=\"this.style.display='none'\"  \/>\n\t\t\t\t<\/a>\n<small>Reflexiones 6<br \/>\n<\/small>\n\t<small><a href=\"\/wp-content\/uploads\/2022\/09\/Boletin-VI.pdf\" target=\"_blank\" rel=\"noopener\"> Descargar PDF<\/a><\/small>\n\t\t\t\t<a href=\"\/wp-content\/uploads\/2022\/04\/Boletin-V-WEB.pdf\" target=\"_blank\" rel=\"noopener\" itemprop=\"url\">\n\t\t\t\t<img loading=\"lazy\" decoding=\"async\" src=\"https:\/\/www.tce.gob.ec\/wp-content\/uploads\/2022\/04\/Portada-Boletin-V-1.png\" alt=\"Portada Bolet\u00edn V\" itemprop=\"image\" height=\"1346\" width=\"950\" title=\"Portada Bolet\u00edn V\" onerror=\"this.style.display='none'\"  \/>\n\t\t\t\t<\/a>\n<small>Reflexiones 5<br \/>\n<\/small>\n\t<small><a href=\"\/wp-content\/uploads\/2022\/04\/Boletin-V-WEB.pdf\" target=\"_blank\" rel=\"noopener\"> Descargar PDF<\/a><\/small>\n\t\t\t\t<a href=\"\/wp-content\/uploads\/2021\/12\/Boletin-4-Final.pdf\" target=\"_blank\" rel=\"noopener\" itemprop=\"url\">\n\t\t\t\t<img loading=\"lazy\" decoding=\"async\" src=\"https:\/\/www.tce.gob.ec\/wp-content\/uploads\/2021\/11\/pub-portada-reflexiones-4.jpg\" alt=\"portada reflexiones 2021 4\" itemprop=\"image\" height=\"840\" width=\"593\" title=\"pub-portada-reflexiones-4\" onerror=\"this.style.display='none'\"  \/>\n\t\t\t\t<\/a>\n<p><small>Reflexiones 4<\/small><\/p>\n\t<small><a href=\"\/wp-content\/uploads\/2021\/12\/Boletin-4-Final.pdf\" target=\"_blank\" rel=\"noopener\"> Descargar PDF<\/a><\/small>\n\t\t\t\t<a href=\"\/wp-content\/uploads\/2021\/11\/Reflexiones-3.pdf\" target=\"_blank\" rel=\"noopener\" itemprop=\"url\">\n\t\t\t\t<img loading=\"lazy\" decoding=\"async\" src=\"https:\/\/www.tce.gob.ec\/wp-content\/uploads\/2021\/11\/pub-portada-reflexiones-3.jpg\" alt=\"portada reflexiones 2021 3\" itemprop=\"image\" height=\"840\" width=\"593\" title=\"pub-portada-reflexiones-3\" onerror=\"this.style.display='none'\"  \/>\n\t\t\t\t<\/a>\n<p><small>Reflexiones 3<\/small><\/p>\n\t<small><a href=\"\/wp-content\/uploads\/2021\/11\/Reflexiones-3.pdf\" target=\"_blank\" rel=\"noopener\"> Descargar PDF<\/a><\/small>\n\t\t\t\t<a href=\"\/wp-content\/uploads\/2021\/11\/Boletin-II-Reflexiones-Justicia-Electoral-2021.pdf\" target=\"_blank\" rel=\"noopener\" itemprop=\"url\">\n\t\t\t\t<img loading=\"lazy\" decoding=\"async\" src=\"https:\/\/www.tce.gob.ec\/wp-content\/uploads\/2021\/11\/pub-portada-reflexiones-2.jpg\" alt=\"portada reflexiones 2021 2\" itemprop=\"image\" height=\"840\" width=\"593\" title=\"pub-portada-reflexiones-2\" onerror=\"this.style.display='none'\"  \/>\n\t\t\t\t<\/a>\n<p><small>Reflexiones 2<\/small><\/p>\n\t<small><a href=\"\/wp-content\/uploads\/2021\/11\/Boletin-II-Reflexiones-Justicia-Electoral-2021.pdf\" target=\"_blank\" rel=\"noopener\"> Descargar PDF<\/a><\/small>\n\t\t\t\t<a href=\"\/wp-content\/uploads\/2021\/11\/REFLEXIONES-JUSTICIA-ELECTORAL.pdf\" target=\"_blank\" rel=\"noopener\" itemprop=\"url\">\n\t\t\t\t<img loading=\"lazy\" decoding=\"async\" src=\"https:\/\/www.tce.gob.ec\/wp-content\/uploads\/2021\/11\/pub-portada-reflexiones-1.jpg\" alt=\"portada reflexiones 2021 1\" itemprop=\"image\" height=\"840\" width=\"593\" title=\"pub-portada-reflexiones-1\" onerror=\"this.style.display='none'\"  \/>\n\t\t\t\t<\/a>\n<p><small>Reflexiones 1<\/small><\/p>\n\t<small><a href=\"\/wp-content\/uploads\/2021\/11\/REFLEXIONES-JUSTICIA-ELECTORAL.pdf\" target=\"_blank\" rel=\"noopener\"> Descargar PDF<\/a><\/small>\n\n","protected":false},"excerpt":{"rendered":"<div class=\"entry-summary\">\nPublicaciones Boletines Tribunal Contencioso Electoral Aqu\u00ed se encuentran los boletines TCE. Puede visualizar cualquier publicaci\u00f3n al dar click&hellip;\n<\/div>\n<div class=\"link-more\"><a href=\"https:\/\/www.tce.gob.ec\/index.php\/publicaciones\/boletines\/\" class=\"more-link\">Continuar leyendo<span class=\"screen-reader-text\"> &ldquo;Boletines&rdquo;<\/span>&hellip;<\/a><\/div>\n","protected":false},"author":1,"featured_media":0,"parent":2991,"menu_order":0,"comment_status":"closed","ping_status":"closed","template":"templates\/no-title.php","meta":{"_monsterinsights_skip_tracking":false,"_monsterinsights_sitenote_active":false,"_monsterinsights_sitenote_note":"","_monsterinsights_sitenote_category":0,"footnotes":""},"categories":[],"tags":[],"class_list":["post-4573","page","type-page","status-publish","hentry","entry"],"amp_enabled":false,"_links":{"self":[{"href":"https:\/\/www.tce.gob.ec\/index.php\/wp-json\/wp\/v2\/pages\/4573","targetHints":{"allow":["GET"]}}],"collection":[{"href":"https:\/\/www.tce.gob.ec\/index.php\/wp-json\/wp\/v2\/pages"}],"about":[{"href":"https:\/\/www.tce.gob.ec\/index.php\/wp-json\/wp\/v2\/types\/page"}],"author":[{"embeddable":true,"href":"https:\/\/www.tce.gob.ec\/index.php\/wp-json\/wp\/v2\/users\/1"}],"replies":[{"embeddable":true,"href":"https:\/\/www.tce.gob.ec\/index.php\/wp-json\/wp\/v2\/comments?post=4573"}],"version-history":[{"count":39,"href":"https:\/\/www.tce.gob.ec\/index.php\/wp-json\/wp\/v2\/pages\/4573\/revisions"}],"predecessor-version":[{"id":13633,"href":"https:\/\/www.tce.gob.ec\/index.php\/wp-json\/wp\/v2\/pages\/4573\/revisions\/13633"}],"up":[{"embeddable":true,"href":"https:\/\/www.tce.gob.ec\/index.php\/wp-json\/wp\/v2\/pages\/2991"}],"wp:attachment":[{"href":"https:\/\/www.tce.gob.ec\/index.php\/wp-json\/wp\/v2\/media?parent=4573"}],"wp:term":[{"taxonomy":"category","embeddable":true,"href":"https:\/\/www.tce.gob.ec\/index.php\/wp-json\/wp\/v2\/categories?post=4573"},{"taxonomy":"post_tag","embeddable":true,"href":"https:\/\/www.tce.gob.ec\/index.php\/wp-json\/wp\/v2\/tags?post=4573"}],"curies":[{"name":"wp","href":"https:\/\/api.w.org\/{rel}","templated":true}]}}