{"id":5851,"date":"2021-11-26T13:35:12","date_gmt":"2021-11-26T18:35:12","guid":{"rendered":"https:\/\/www.tce.gob.ec\/?page_id=5851"},"modified":"2021-12-03T14:59:02","modified_gmt":"2021-12-03T19:59:02","slug":"reflexiones-2021-3","status":"publish","type":"page","link":"https:\/\/www.tce.gob.ec\/index.php\/reflexiones-principal\/reflexiones-2021-3\/","title":{"rendered":"Reflexiones 2021 3"},"content":{"rendered":"\n\n\t<div class=\"aioseo-breadcrumbs\"><span class=\"aioseo-breadcrumb\">\n\tInicio\n<\/span><\/div>\n\t\t\t\t<img loading=\"lazy\" decoding=\"async\" src=\"https:\/\/www.tce.gob.ec\/wp-content\/uploads\/2021\/11\/logo-reflexiones.png\" alt=\"logo reflexiones\" itemprop=\"image\" height=\"130\" width=\"573\" onerror=\"this.style.display='none'\"  \/>\n\t\t\t\t<a href=\"https:\/\/www.tce.gob.ec\/wp-content\/uploads\/2021\/11\/pub-portada-reflexiones-3.jpg\" target=\"_self\" itemprop=\"url\" rel=\"noopener\">\n\t\t\t\t<img loading=\"lazy\" decoding=\"async\" src=\"https:\/\/www.tce.gob.ec\/wp-content\/uploads\/2021\/11\/pub-portada-reflexiones-3.jpg\" alt=\"portada reflexiones 2021 3\" itemprop=\"image\" height=\"840\" width=\"593\" title=\"pub-portada-reflexiones-3\" onerror=\"this.style.display='none'\"  \/>\n\t\t\t\t<\/a>\n\t<a href=\"javascript:history.back()\"> Regresar<\/a>\n\t<small><br \/>\n<strong>Numero 3<\/strong><br \/>\nOctubre 2021<\/small>\n<h4>Tema:<br \/>\nLa consulta de remoci\u00f3n de autoridades de los Gobiernos Aut\u00f3nomos Descentralizados: Una garant\u00eda de verificaci\u00f3n al debido proceso.<\/h4>\n\t<p><strong>PRESENTACI\u00d3N<\/strong><\/p>\n<p>El art\u00edculo 61 de la Constituci\u00f3n de la Rep\u00fablica del Ecuador 2008 reconoce en sus n\u00famerales 2 y 5 los derechos que las ecuatorianas y ecuatorianos tenemos para participar en los asuntos de inter\u00e9s p\u00fablico y fiscalizar los actos del poder p\u00fablico; es en este sentido que el C\u00f3digo Org\u00e1nico de Organizaci\u00f3n Territorial, Autonom\u00eda y Descentralizaci\u00f3n (COOTAD) contempla como un mecanismo de control a la gesti\u00f3n de las autoridades de elecci\u00f3n popular de Gobiernos Aut\u00f3nomos Descentralizados (GAD) la figura de remoci\u00f3n, la que opera siempre y cuando se demuestre la existencia de cualquiera de las causales previstas para su presentaci\u00f3n y se haya observado el debido proceso en su tr\u00e1mite.<\/p>\nAb. Milton Andr\u00e9s Paredes Paredes MSc.<br \/>\nDirector de Investigaci\u00f3n Contencioso Electoral\n<h3>\n\t\tSecciones\n\t<\/h3>\n    <h5>Esfera Institucional<\/h5>\n    Cumplimiento de formalidades y procedimiento de los procesos de remoci\u00f3n de las autoridades de los GAD.\n    Dr. Joaqu\u00edn Viteri Llanga Juez Principal TCE\n    <h5>\u00c1mbito Electoral<\/h5>\n    <p>La consulta de remoci\u00f3n de autoridades y control una garant\u00eda en verificaci\u00f3n del debido proceso. Dr. Jorge Baeza  Universidad Internacional del Ecuador<\/p>\n    <h5>Precisiones<\/h5>\n    <p>Proceso de remoci\u00f3n de Autoridades de Gobiernos Aut\u00f3nomos Descentralizados (GAD)<\/p>\n    <h5>En Perspectiva<\/h5>\n    <p>Entrevista: Rita Tunay Presidenta (s) CONGOPE<\/p>\n    <h5>Escenario Electoral<\/h5>\n    <p>Un refrend\u00fam no puede acortar el per\u00edodo del parlamento. Marek Domin Constitucionalista<\/p>\n    <h5>Arte y Cultura Democr\u00e1tica<\/h5>\n    <p>Arte degenerado: Persecusi\u00f3n Nazi<\/p>\n\t<small><a href=\"\/wp-content\/uploads\/2021\/11\/Reflexiones-3.pdf\" target=\"_blank\" rel=\"noopener\"> Descargar PDF<\/a><\/small>\n<a href=\"#\" class=\"_3d-flip-book  fb3d-link-lightbox-mode\" data-id=\"5909\" data-mode=\"link-lightbox\" data-title=\"false\" data-template=\"short-white-book-view\" data-lightbox=\"dark\" data-urlparam=\"fb3d-page\" data-page-n=\"0\" data-pdf=\"\" data-tax=\"null\" data-thumbnail=\"\" data-cols=\"3\" data-query=\"\"><small> Ver en lector digital<\/small><\/a>\n\n","protected":false},"excerpt":{"rendered":"<div class=\"entry-summary\">\nRegresar Numero 3 Octubre 2021 Tema: La consulta de remoci\u00f3n de autoridades de los Gobiernos Aut\u00f3nomos Descentralizados: Una&hellip;\n<\/div>\n<div class=\"link-more\"><a href=\"https:\/\/www.tce.gob.ec\/index.php\/reflexiones-principal\/reflexiones-2021-3\/\" class=\"more-link\">Continuar leyendo<span class=\"screen-reader-text\"> &ldquo;Reflexiones 2021 3&rdquo;<\/span>&hellip;<\/a><\/div>\n","protected":false},"author":1,"featured_media":0,"parent":3649,"menu_order":0,"comment_status":"closed","ping_status":"closed","template":"templates\/no-title.php","meta":{"_monsterinsights_skip_tracking":false,"_monsterinsights_sitenote_active":false,"_monsterinsights_sitenote_note":"","_monsterinsights_sitenote_category":0,"footnotes":""},"categories":[35],"tags":[36],"class_list":["post-5851","page","type-page","status-publish","hentry","category-reflexionescate","tag-reflexiones","entry"],"amp_enabled":false,"_links":{"self":[{"href":"https:\/\/www.tce.gob.ec\/index.php\/wp-json\/wp\/v2\/pages\/5851","targetHints":{"allow":["GET"]}}],"collection":[{"href":"https:\/\/www.tce.gob.ec\/index.php\/wp-json\/wp\/v2\/pages"}],"about":[{"href":"https:\/\/www.tce.gob.ec\/index.php\/wp-json\/wp\/v2\/types\/page"}],"author":[{"embeddable":true,"href":"https:\/\/www.tce.gob.ec\/index.php\/wp-json\/wp\/v2\/users\/1"}],"replies":[{"embeddable":true,"href":"https:\/\/www.tce.gob.ec\/index.php\/wp-json\/wp\/v2\/comments?post=5851"}],"version-history":[{"count":7,"href":"https:\/\/www.tce.gob.ec\/index.php\/wp-json\/wp\/v2\/pages\/5851\/revisions"}],"predecessor-version":[{"id":6091,"href":"https:\/\/www.tce.gob.ec\/index.php\/wp-json\/wp\/v2\/pages\/5851\/revisions\/6091"}],"up":[{"embeddable":true,"href":"https:\/\/www.tce.gob.ec\/index.php\/wp-json\/wp\/v2\/pages\/3649"}],"wp:attachment":[{"href":"https:\/\/www.tce.gob.ec\/index.php\/wp-json\/wp\/v2\/media?parent=5851"}],"wp:term":[{"taxonomy":"category","embeddable":true,"href":"https:\/\/www.tce.gob.ec\/index.php\/wp-json\/wp\/v2\/categories?post=5851"},{"taxonomy":"post_tag","embeddable":true,"href":"https:\/\/www.tce.gob.ec\/index.php\/wp-json\/wp\/v2\/tags?post=5851"}],"curies":[{"name":"wp","href":"https:\/\/api.w.org\/{rel}","templated":true}]}}