{"id":5946,"date":"2021-11-28T16:30:45","date_gmt":"2021-11-28T21:30:45","guid":{"rendered":"https:\/\/www.tce.gob.ec\/?page_id=5946"},"modified":"2021-12-23T10:35:14","modified_gmt":"2021-12-23T15:35:14","slug":"biblioteca-preguntas","status":"publish","type":"page","link":"https:\/\/www.tce.gob.ec\/index.php\/biblioteca\/biblioteca-preguntas\/","title":{"rendered":"Preguntas Frecuentes"},"content":{"rendered":"\n\n\t<div class=\"aioseo-breadcrumbs\"><span class=\"aioseo-breadcrumb\">\n\tInicio\n<\/span><\/div>\n<h2>\n\t\tBiblioteca\n\t<\/h2>\n\t\t\t\t<img loading=\"lazy\" decoding=\"async\" src=\"https:\/\/www.tce.gob.ec\/wp-content\/uploads\/2021\/11\/image-from-rawpixel-id-3286013-original-scaled.jpg\" alt=\"foto biblioteca\" itemprop=\"image\" height=\"1706\" width=\"2560\" title=\"image-from-rawpixel-id-3286013-original\" onerror=\"this.style.display='none'\"  \/>\n\t<h3>Preguntas Frecuentes<\/h3>\n<h6>\u00bfQu\u00e9 contiene el cat\u00e1logo de la Biblioteca?<\/h6>\n<p>Contiene los registros bibliogr\u00e1ficos de todos los documentos (libros, revistas, diccionarios, cd-roms, etc.) que se encuentran en la Biblioteca<\/p>\n<h6>\u00bfPara qu\u00e9 sirve el cat\u00e1logo bibliogr\u00e1fico?<\/h6>\n<ul>\n<li>Permite saber si la Biblioteca posee una publicaci\u00f3n concreta<\/li>\n<li>Indica d\u00f3nde localizar un documento<\/li>\n<li>Incluye una descripci\u00f3n bibliogr\u00e1fica de cada documento<\/li>\n<li>Informa de la situaci\u00f3n actual (pr\u00e9stamo, en estanter\u00eda, etc.) de cada documento.<\/li>\n<li>Muestra las publicaciones que posee la Biblioteca con una caracter\u00edstica com\u00fan: materia, autor\/a, t\u00edtulo, datos de edici\u00f3n, etc.<\/li>\n<\/ul>\n<h6>\u00bfC\u00f3mo puedo consultar el cat\u00e1logo bibliogr\u00e1fico?<\/h6>\n<p>Al ingreso de la sala de lectura se han colocado computadoras destinadas exclusivamente a la consulta del cat\u00e1logo. Fuera de la Biblioteca puede acceder al cat\u00e1logo en la web del Tribunal Contencioso Electoral, TCE: <a href=\"http:\/\/www.tce.gob.ec\">http:\/\/www.tce.gob.ec<\/a><\/p>\n<h6>\u00bfC\u00f3mo buscar en el cat\u00e1logo bibliogr\u00e1fico?<\/h6>\n<p>Tipos de b\u00fasqueda:<\/p>\n<ul>\n<li>\n<ul>\n<li>B\u00fasqueda simple: para realizar b\u00fasquedas sencillas en uno de los siguientes campos:\n<ol>\n<li>T\u00edtulos<\/li>\n<li>Colecciones<\/li>\n<li>Clasificaci\u00f3n<\/li>\n<li>Todos los campos<\/li>\n<li>Autores<\/li>\n<li>Subcolecci\u00f3n<\/li>\n<li>Palabras claves<\/li>\n<li>Editoriales<\/li>\n<li>Materias<\/li>\n<li>Resumen<\/li>\n<li>Notas<\/li>\n<\/ol>\n<\/li>\n<li>B\u00fasqueda Avanzada: para b\u00fasquedas complejas. Permite combinar varios t\u00e9rminos de b\u00fasqueda en varios campos, utilizando el operador booleano.<br \/>\nEj.:<br \/>\n&#8211; Autor: Huber Olea y Contr\u00f3 AND T\u00edtulo: Derecho contencioso<br \/>\n&#8211; Autor: Huber Olea y Contr\u00f3 OR T\u00edtulo: Derecho contencioso<br \/>\n&#8211; Autor: Huber Olea y Contr\u00f3 NOT T\u00edtulo: Derecho contencioso<br \/>\nTambi\u00e9n se pueden realizar las b\u00fasquedas a trav\u00e9s de los t\u00e9rminos: <em>&#8220;Empieza por&#8221;, &#8220;Acaba con&#8221; y &#8220;Exactamente con&#8221;<\/em><\/li>\n<\/ul>\n<\/li>\n<\/ul>\n<p>&nbsp;<\/p>\n<ul>\n<li>B\u00fasqueda por Descriptores: Para buscar documentos sobre un tema o materia determinada.<\/li>\n<\/ul>\n<h6>\u00bfC\u00f3mo puedo buscar revistas en el cat\u00e1logo bibliogr\u00e1fico?<\/h6>\nUse la b\u00fasqueda simple y seleccione en el desplegable el campo t\u00edtulo. Para localizar art\u00edculos espec\u00edficos de una revista determinada, por ejemplo:<br \/>\n<em>Revista Derecho Electoral, utiliza la b\u00fasqueda avanzada y combina Art\u00edculos del campo de b\u00fasqueda de Publicaciones Peri\u00f3dicas.<\/em>\n<h6>\u00bfQu\u00e9 hago si busco un documento que no se encuentra en el cat\u00e1logo bibliogr\u00e1fico de la Biblioteca?<\/h6>\n<p>Si, despu\u00e9s de buscar en el cat\u00e1logo, no encuentra el documento que necesita, tiene dos opciones:<\/p>\n<ul>\n<li>Solicitar su b\u00fasqueda a la Bibliotecaria en los cat\u00e1logos y fuentes bibliogr\u00e1ficas.<\/li>\n<li>Enviar una solicitud al Servicio de Obtenci\u00f3n de Documentos: formulario de Pr\u00e9stamo Interbibliotecario<\/li>\n<\/ul>\n<h6>\u00bfC\u00f3mo acceder a la cuenta de Usuario\/a?<\/h6>\n<p>En la p\u00e1gina de inicio del cat\u00e1logo puede enviar su direcci\u00f3n electr\u00f3nica para enviar sus datos de Usuario\/a y contrase\u00f1a, la misma que puede ser cambiada.<\/p>\n<h6>\u00bfC\u00f3mo puedo consultar en el cat\u00e1logo la bibliograf\u00eda recomendada?<\/h6>\n<p>La bibliograf\u00eda recomendada puede verse desde la p\u00e1gina principal de la Biblioteca Virtual.<\/p>\n\n","protected":false},"excerpt":{"rendered":"<div class=\"entry-summary\">\nBiblioteca Preguntas Frecuentes \u00bfQu\u00e9 contiene el cat\u00e1logo de la Biblioteca? Contiene los registros bibliogr\u00e1ficos de todos los documentos&hellip;\n<\/div>\n<div class=\"link-more\"><a href=\"https:\/\/www.tce.gob.ec\/index.php\/biblioteca\/biblioteca-preguntas\/\" class=\"more-link\">Continuar leyendo<span class=\"screen-reader-text\"> &ldquo;Preguntas Frecuentes&rdquo;<\/span>&hellip;<\/a><\/div>\n","protected":false},"author":1,"featured_media":0,"parent":2367,"menu_order":0,"comment_status":"closed","ping_status":"closed","template":"templates\/no-title.php","meta":{"_monsterinsights_skip_tracking":false,"_monsterinsights_sitenote_active":false,"_monsterinsights_sitenote_note":"","_monsterinsights_sitenote_category":0,"footnotes":""},"categories":[],"tags":[],"class_list":["post-5946","page","type-page","status-publish","hentry","entry"],"amp_enabled":false,"_links":{"self":[{"href":"https:\/\/www.tce.gob.ec\/index.php\/wp-json\/wp\/v2\/pages\/5946","targetHints":{"allow":["GET"]}}],"collection":[{"href":"https:\/\/www.tce.gob.ec\/index.php\/wp-json\/wp\/v2\/pages"}],"about":[{"href":"https:\/\/www.tce.gob.ec\/index.php\/wp-json\/wp\/v2\/types\/page"}],"author":[{"embeddable":true,"href":"https:\/\/www.tce.gob.ec\/index.php\/wp-json\/wp\/v2\/users\/1"}],"replies":[{"embeddable":true,"href":"https:\/\/www.tce.gob.ec\/index.php\/wp-json\/wp\/v2\/comments?post=5946"}],"version-history":[{"count":5,"href":"https:\/\/www.tce.gob.ec\/index.php\/wp-json\/wp\/v2\/pages\/5946\/revisions"}],"predecessor-version":[{"id":6206,"href":"https:\/\/www.tce.gob.ec\/index.php\/wp-json\/wp\/v2\/pages\/5946\/revisions\/6206"}],"up":[{"embeddable":true,"href":"https:\/\/www.tce.gob.ec\/index.php\/wp-json\/wp\/v2\/pages\/2367"}],"wp:attachment":[{"href":"https:\/\/www.tce.gob.ec\/index.php\/wp-json\/wp\/v2\/media?parent=5946"}],"wp:term":[{"taxonomy":"category","embeddable":true,"href":"https:\/\/www.tce.gob.ec\/index.php\/wp-json\/wp\/v2\/categories?post=5946"},{"taxonomy":"post_tag","embeddable":true,"href":"https:\/\/www.tce.gob.ec\/index.php\/wp-json\/wp\/v2\/tags?post=5946"}],"curies":[{"name":"wp","href":"https:\/\/api.w.org\/{rel}","templated":true}]}}