{"id":7266,"date":"2022-04-25T16:19:40","date_gmt":"2022-04-25T21:19:40","guid":{"rendered":"https:\/\/www.tce.gob.ec\/?page_id=7266"},"modified":"2024-05-30T16:43:25","modified_gmt":"2024-05-30T21:43:25","slug":"flujos-de-procesos-medios-de-impugnacion","status":"publish","type":"page","link":"https:\/\/www.tce.gob.ec\/index.php\/transparencia\/flujos-de-procesos-medios-de-impugnacion\/","title":{"rendered":"Flujo de Procesos"},"content":{"rendered":"\n\n\t<div class=\"aioseo-breadcrumbs\"><span class=\"aioseo-breadcrumb\">\n\tInicio\n<\/span><\/div>\n<h2>\n\t\tFlujo de Procesos Medios de Impugnaci\u00f3n\n\t<\/h2>\n<h3>\n\t\tFlujo de Procesos Medios de Impugnaci\u00f3n\n\t<\/h3>\n\t<p>El Tribunal Contencioso Electoral pone a disposici\u00f3n de la ciudadan\u00eda los flujos de procesos de los Medios de Impugnaci\u00f3n.<\/p>\n\t<div id=\"sp-ea-11258\" class=\"sp-ea-seven sp-easy-accordion\" data-ex-icon=\"fa-chevron-down\" data-col-icon=\"fa-chevron-up\"  data-ea-active=\"ea-click\"  data-ea-mode=\"vertical\" data-ea-coll=\"\" data-keep-accordion=\"\" data-autoclose=\"\" data-preloader=\"0\" data-autoplaytime=\"3000\"><div class=\"ea-card ea-expand sp-ea-single\" ><h4 class=\"ea-header\"><a class=\"collapsed\" data-sptoggle=\"spcollapse\" data-sptarget=\"#collapse112580\" href=\"javascript:void(0)\" aria-expanded=\"true\"><i class=\"ea-expand-icon fa fa-chevron-down\"><\/i>  RECURSO SUBJETIVO CONTENCIOSO ELECTORAL - GENERAL <\/a><\/h4><div class=\"sp-collapse spcollapse collapsed show \" id=\"collapse112580\" data-parent=\"#sp-ea-11258\"><div class=\"ea-body animated fadeIn\"> <p><a class=\"descargar-acordeon\" href=\"\/wp-content\/uploads\/2024\/05\/1.-RECURSO-SUBJETIVO-CONTENCIOSO-ELECTORAL-GENERAL-21052024.pdf\" target=\"_blank\" rel=\"noopener\"> Recurso Subjetivo Contencioso Electoral - General <\/a><\/p>\n <\/div><\/div><\/div><div class=\"ea-card   sp-ea-single\" ><h4 class=\"ea-header\"><a class=\"collapsed\" data-sptoggle=\"spcollapse\" data-sptarget=\"#collapse112581\" href=\"javascript:void(0)\" aria-expanded=\"false\"><i class=\"ea-expand-icon fa fa-chevron-up\"><\/i>  RECURSO SUBJETIVO CONTENCIOSO ELECTORAL -  ASUNTOS-LITIGIOSOS-INTERNOS-DE-LAS-ORGANIZACIONES-POLITICAS<\/a><\/h4><div class=\"sp-collapse spcollapse   \" id=\"collapse112581\" data-parent=\"#sp-ea-11258\"><div class=\"ea-body animated fadeIn\"> <p><a class=\"descargar-acordeon\" href=\"\/wp-content\/uploads\/2024\/05\/1.1-RECURSO-SUBJETIVO-CONTENCIOSO-ELECTORAL-ASUNTOS-LITIGIOSOS-INTERNOS-DE-LAS-ORGANIZACIONES-POLITICAS-21052024.pdf\" target=\"_blank\" rel=\"noopener\"> Recurso Subjetivo Contencioso Electoral -Asuntos Litigiosos Internos de las Organizaciones Pol\u00edticas <\/a><\/p>\n <\/div><\/div><\/div><div class=\"ea-card   sp-ea-single\" ><h4 class=\"ea-header\"><a class=\"collapsed\" data-sptoggle=\"spcollapse\" data-sptarget=\"#collapse112582\" href=\"javascript:void(0)\" aria-expanded=\"false\"><i class=\"ea-expand-icon fa fa-chevron-up\"><\/i>  RECURSO SUBJETIVO CONTENCIOSO ELECTORAL -    GASTO  ELECTORAL O DEL FONDO  PARTIDARIO PERMANENTE<\/a><\/h4><div class=\"sp-collapse spcollapse   \" id=\"collapse112582\" data-parent=\"#sp-ea-11258\"><div class=\"ea-body animated fadeIn\"> <p><a class=\"descargar-acordeon\" href=\"\/wp-content\/uploads\/2024\/05\/1.2-RECURSO-SUBJETIVO-CONTENCIOSO-ELECTORAL-GASTO-ELECTORAL-O-DEL-FONDO-PARTIDARIO-PERMANENTE-21052024.pdf\" target=\"_blank\" rel=\"noopener\"> Recurso Subjetivo Contencioso Electoral - Gasto Electoral o del Fondo Partidario Permanente <\/a><\/p>\n <\/div><\/div><\/div><div class=\"ea-card   sp-ea-single\" ><h4 class=\"ea-header\"><a class=\"collapsed\" data-sptoggle=\"spcollapse\" data-sptarget=\"#collapse112583\" href=\"javascript:void(0)\" aria-expanded=\"false\"><i class=\"ea-expand-icon fa fa-chevron-up\"><\/i>  RECURSO SUBJETIVO CONTENCIOSO ELECTORAL -  CUALQUIER OTRA RESOLUCI\u00d3N DEL  CONSEJO NACIONAL ELECTORAL<\/a><\/h4><div class=\"sp-collapse spcollapse   \" id=\"collapse112583\" data-parent=\"#sp-ea-11258\"><div class=\"ea-body animated fadeIn\"> <p><a class=\"descargar-acordeon\" href=\"\/wp-content\/uploads\/2024\/05\/1.3-RECURSO-SUBJETIVO-CONTENCIOSO-ELECTORAL-CUALQUIER-OTRA-RESOLUCION-DEL-CONSEJO-NACIONAL-ELECTORAL-21052024.pdf\" target=\"_blank\" rel=\"noopener\"> Recurso Subjetivo Contencioso Electoral - Cualquier otra Resoluci\u00f3n del Consejo Nacional Electoral <\/a><\/p>\n <\/div><\/div><\/div><div class=\"ea-card   sp-ea-single\" ><h4 class=\"ea-header\"><a class=\"collapsed\" data-sptoggle=\"spcollapse\" data-sptarget=\"#collapse112584\" href=\"javascript:void(0)\" aria-expanded=\"false\"><i class=\"ea-expand-icon fa fa-chevron-up\"><\/i>  ACCI\u00d3N DE QUEJA -  CONTRA LOS JUECES<\/a><\/h4><div class=\"sp-collapse spcollapse   \" id=\"collapse112584\" data-parent=\"#sp-ea-11258\"><div class=\"ea-body animated fadeIn\"> <p><a class=\"descargar-acordeon\" href=\"\/wp-content\/uploads\/2024\/05\/2.1-ACCION-DE-QUEJA-CONTRA-JUECES-21052024.pdf\" target=\"_blank\" rel=\"noopener\"> Acci\u00f3n de Queja - Contra los Jueces <\/a><\/p>\n <\/div><\/div><\/div><div class=\"ea-card   sp-ea-single\" ><h4 class=\"ea-header\"><a class=\"collapsed\" data-sptoggle=\"spcollapse\" data-sptarget=\"#collapse112585\" href=\"javascript:void(0)\" aria-expanded=\"false\"><i class=\"ea-expand-icon fa fa-chevron-up\"><\/i>  ACCI\u00d3N DE QUEJA -  CONTRA FUNCIONARIOS<\/a><\/h4><div class=\"sp-collapse spcollapse   \" id=\"collapse112585\" data-parent=\"#sp-ea-11258\"><div class=\"ea-body animated fadeIn\"> <p><a class=\"descargar-acordeon\" href=\"\/wp-content\/uploads\/2024\/05\/2.2-ACCION-DE-QUEJA-CONTRA-FUNCIONARIOS-21052024.pdf\" target=\"_blank\" rel=\"noopener\"> Acci\u00f3n de Queja - Contra Funcionarios <\/a><\/p>\n <\/div><\/div><\/div><div class=\"ea-card   sp-ea-single\" ><h4 class=\"ea-header\"><a class=\"collapsed\" data-sptoggle=\"spcollapse\" data-sptarget=\"#collapse112586\" href=\"javascript:void(0)\" aria-expanded=\"false\"><i class=\"ea-expand-icon fa fa-chevron-up\"><\/i>  RECURSO EXCEPCIONAL DE  REVISI\u00d3N<\/a><\/h4><div class=\"sp-collapse spcollapse   \" id=\"collapse112586\" data-parent=\"#sp-ea-11258\"><div class=\"ea-body animated fadeIn\"> <p><a class=\"descargar-acordeon\" href=\"\/wp-content\/uploads\/2024\/05\/3.-RECURSO-EXCEPCIONAL-DE-REVISION-21052024.pdf\" target=\"_blank\" rel=\"noopener\"> Recurso Excepcional de Revisi\u00f3n <\/a><\/p>\n <\/div><\/div><\/div><div class=\"ea-card   sp-ea-single\" ><h4 class=\"ea-header\"><a class=\"collapsed\" data-sptoggle=\"spcollapse\" data-sptarget=\"#collapse112587\" href=\"javascript:void(0)\" aria-expanded=\"false\"><i class=\"ea-expand-icon fa fa-chevron-up\"><\/i>  INFRACCIONES ELECTORALES<\/a><\/h4><div class=\"sp-collapse spcollapse   \" id=\"collapse112587\" data-parent=\"#sp-ea-11258\"><div class=\"ea-body animated fadeIn\"> <p><a class=\"descargar-acordeon\" href=\"\/wp-content\/uploads\/2024\/05\/4.-INFRACCIONES-ELECTORALES-21052024.pdf\" target=\"_blank\" rel=\"noopener\"> Infracciones Electorales <\/a><\/p>\n <\/div><\/div><\/div><div class=\"ea-card   sp-ea-single\" ><h4 class=\"ea-header\"><a class=\"collapsed\" data-sptoggle=\"spcollapse\" data-sptarget=\"#collapse112588\" href=\"javascript:void(0)\" aria-expanded=\"false\"><i class=\"ea-expand-icon fa fa-chevron-up\"><\/i>  CONSULTA DE REMOCI\u00d3N DE  AUTORIDADES DE LOS GADS<\/a><\/h4><div class=\"sp-collapse spcollapse   \" id=\"collapse112588\" data-parent=\"#sp-ea-11258\"><div class=\"ea-body animated fadeIn\"> <p><a class=\"descargar-acordeon\" href=\"\/wp-content\/uploads\/2024\/05\/5.-CONSULTA-DE-REMOCION-DE-AUTORIDADES-DE-LOS-GADS-21052024.pdf\" target=\"_blank\" rel=\"noopener\"> Consulta de Remoci\u00f3n de Autoridades de los GADs <\/a><\/p>\n <\/div><\/div><\/div><\/div>\n\n","protected":false},"excerpt":{"rendered":"<div class=\"entry-summary\">\nFlujo de Procesos Medios de Impugnaci\u00f3n Flujo de Procesos Medios de Impugnaci\u00f3n El Tribunal Contencioso Electoral pone a&hellip;\n<\/div>\n<div class=\"link-more\"><a href=\"https:\/\/www.tce.gob.ec\/index.php\/transparencia\/flujos-de-procesos-medios-de-impugnacion\/\" class=\"more-link\">Continuar leyendo<span class=\"screen-reader-text\"> &ldquo;Flujo de Procesos&rdquo;<\/span>&hellip;<\/a><\/div>\n","protected":false},"author":10,"featured_media":0,"parent":2300,"menu_order":0,"comment_status":"closed","ping_status":"closed","template":"templates\/no-title.php","meta":{"_monsterinsights_skip_tracking":false,"_monsterinsights_sitenote_active":false,"_monsterinsights_sitenote_note":"","_monsterinsights_sitenote_category":0,"footnotes":""},"categories":[],"tags":[],"class_list":["post-7266","page","type-page","status-publish","hentry","entry"],"amp_enabled":false,"_links":{"self":[{"href":"https:\/\/www.tce.gob.ec\/index.php\/wp-json\/wp\/v2\/pages\/7266","targetHints":{"allow":["GET"]}}],"collection":[{"href":"https:\/\/www.tce.gob.ec\/index.php\/wp-json\/wp\/v2\/pages"}],"about":[{"href":"https:\/\/www.tce.gob.ec\/index.php\/wp-json\/wp\/v2\/types\/page"}],"author":[{"embeddable":true,"href":"https:\/\/www.tce.gob.ec\/index.php\/wp-json\/wp\/v2\/users\/10"}],"replies":[{"embeddable":true,"href":"https:\/\/www.tce.gob.ec\/index.php\/wp-json\/wp\/v2\/comments?post=7266"}],"version-history":[{"count":4,"href":"https:\/\/www.tce.gob.ec\/index.php\/wp-json\/wp\/v2\/pages\/7266\/revisions"}],"predecessor-version":[{"id":11283,"href":"https:\/\/www.tce.gob.ec\/index.php\/wp-json\/wp\/v2\/pages\/7266\/revisions\/11283"}],"up":[{"embeddable":true,"href":"https:\/\/www.tce.gob.ec\/index.php\/wp-json\/wp\/v2\/pages\/2300"}],"wp:attachment":[{"href":"https:\/\/www.tce.gob.ec\/index.php\/wp-json\/wp\/v2\/media?parent=7266"}],"wp:term":[{"taxonomy":"category","embeddable":true,"href":"https:\/\/www.tce.gob.ec\/index.php\/wp-json\/wp\/v2\/categories?post=7266"},{"taxonomy":"post_tag","embeddable":true,"href":"https:\/\/www.tce.gob.ec\/index.php\/wp-json\/wp\/v2\/tags?post=7266"}],"curies":[{"name":"wp","href":"https:\/\/api.w.org\/{rel}","templated":true}]}}