{"id":7368,"date":"2022-05-12T12:58:08","date_gmt":"2022-05-12T17:58:08","guid":{"rendered":"https:\/\/www.tce.gob.ec\/?page_id=7368"},"modified":"2022-08-15T12:35:43","modified_gmt":"2022-08-15T17:35:43","slug":"reflexiones-2022-5","status":"publish","type":"page","link":"https:\/\/www.tce.gob.ec\/index.php\/reflexiones-principal\/reflexiones-2022-5\/","title":{"rendered":"Reflexiones 2022- 1"},"content":{"rendered":"\n\n\t<div class=\"aioseo-breadcrumbs\"><span class=\"aioseo-breadcrumb\">\n\tInicio\n<\/span><\/div>\n\t\t\t\t<img loading=\"lazy\" decoding=\"async\" src=\"https:\/\/www.tce.gob.ec\/wp-content\/uploads\/2021\/11\/logo-reflexiones.png\" alt=\"logo reflexiones\" itemprop=\"image\" height=\"130\" width=\"573\" onerror=\"this.style.display='none'\"  \/>\n\t\t\t\t<a href=\"https:\/\/www.tce.gob.ec\/wp-content\/uploads\/2022\/04\/Portada-Boletin-V.png\" target=\"_self\" itemprop=\"url\" rel=\"noopener\">\n\t\t\t\t<img loading=\"lazy\" decoding=\"async\" src=\"https:\/\/www.tce.gob.ec\/wp-content\/uploads\/2022\/04\/Portada-Boletin-V.png\" alt=\"Portada Bolet\u00edn V\" itemprop=\"image\" height=\"1346\" width=\"950\" title=\"Portada Bolet\u00edn V\" onerror=\"this.style.display='none'\"  \/>\n\t\t\t\t<\/a>\n\t<a href=\"javascript:history.back()\"> Regresar<\/a>\n<strong>N\u00famero 5<\/strong><br \/>\nMarzo 2022\n<strong>Tema:<br \/>\nEl Proceso de Elecciones Seccionales 2023 y Reformas al C\u00f3digo de la Democracia<\/strong>\n<small><strong><br \/>\n<\/strong><\/small>\n\t<strong>PRESENTACI\u00d3N<\/strong><br \/>\nLa aprobaci\u00f3n del calendario electoral para las Elecciones Seccionales 2023 y del Consejo de Participaci\u00f3n Ciudadana y Control Social, por parte del Consejo Nacional Electoral, marca el punto de partida que pone a prueba las reformas electorales modificadas el 03 de febrero de 2020, que cambian sustancialmente el sistema electoral subnacional, as\u00ed como su observancia y aplicaci\u00f3n por parte de los diferentes actores pol\u00edticos que participar\u00e1n en este trascendental proceso para el sistema democr\u00e1tico nacional y el fortalecimiento de la gobernanza local.\nAb. Milton Andr\u00e9s Paredes Paredes MSc.<br \/>\nDirector de Investigaci\u00f3n Contencioso Electoral\n<h3>\n\t\tSecciones\n\t<\/h3>\n\t<a href=\"index.php\/esfera-institucional-5\">\n    <h5>Esfera Institucional<\/h5>\n    <p>El Procesos de las Elecciones Seccionales 2023 y las Reformas al C\u00f3digo de la Democracia<\/p>\n    <\/a>\n\t<a href=\"index.php\/reflexiones-2022-5-ambito-electoral\">\n    <h5>\u00c1mbito Electoral<\/h5>\n    <p>Una mirada integral de las Reformas al C\u00f3digo de la Democracia<\/p>\n    <h5>Precisiones<\/h5>\n    <p>Causas respecto a la eliminaci\u00f3n del Registro Permanente de Organizaciones Pol\u00edticas durante los a\u00f1os 2020 &#8211; 2021<\/p>\n\t<\/a><a href=\"index.php\/perspectiva-5\">\n    <h5>En Perspectiva <\/h5>\n     Entrevista: Los Gobiernos Locales frente a las elecciones\n    seccionales del a\u00f1o 2023 y del Consejo de Participaci\u00f3n Ciudadana\n     <\/a>\n    <h5>Escenario Electoral<\/h5>\n    <p>Pa\u00fal Vizcarra: Elecciones Primarias en el Per\u00fa: Un reto pendiente<\/p>\n    <h5>Arte y Cultura Democr\u00e1tica<\/h5>\n    <p>Desencanto Democr\u00e1tico <\/p>\n\t<small><a href=\"\/wp-content\/uploads\/2022\/04\/Boletin-V-WEB.pdf\" target=\"_blank\" rel=\"noopener\"> Descargar PDF<\/a><\/small>\n<a href=\"#\" class=\"_3d-flip-book  fb3d-link-lightbox-mode\" data-id=\"7405\" data-mode=\"link-lightbox\" data-title=\"false\" data-template=\"short-white-book-view\" data-lightbox=\"dark\" data-urlparam=\"fb3d-page\" data-page-n=\"0\" data-pdf=\"\" data-tax=\"null\" data-thumbnail=\"\" data-cols=\"3\" data-query=\"\"><small> Ver en lector digital<\/small><\/a>\n\n","protected":false},"excerpt":{"rendered":"<div class=\"entry-summary\">\nRegresar N\u00famero 5 Marzo 2022 Tema: El Proceso de Elecciones Seccionales 2023 y Reformas al C\u00f3digo de la&hellip;\n<\/div>\n<div class=\"link-more\"><a href=\"https:\/\/www.tce.gob.ec\/index.php\/reflexiones-principal\/reflexiones-2022-5\/\" class=\"more-link\">Continuar leyendo<span class=\"screen-reader-text\"> &ldquo;Reflexiones 2022- 1&rdquo;<\/span>&hellip;<\/a><\/div>\n","protected":false},"author":10,"featured_media":0,"parent":3649,"menu_order":0,"comment_status":"closed","ping_status":"closed","template":"templates\/no-title.php","meta":{"_monsterinsights_skip_tracking":false,"_monsterinsights_sitenote_active":false,"_monsterinsights_sitenote_note":"","_monsterinsights_sitenote_category":0,"footnotes":""},"categories":[35],"tags":[38],"class_list":["post-7368","page","type-page","status-publish","hentry","category-reflexionescate","tag-reflexiones-2022-5","entry"],"amp_enabled":false,"_links":{"self":[{"href":"https:\/\/www.tce.gob.ec\/index.php\/wp-json\/wp\/v2\/pages\/7368","targetHints":{"allow":["GET"]}}],"collection":[{"href":"https:\/\/www.tce.gob.ec\/index.php\/wp-json\/wp\/v2\/pages"}],"about":[{"href":"https:\/\/www.tce.gob.ec\/index.php\/wp-json\/wp\/v2\/types\/page"}],"author":[{"embeddable":true,"href":"https:\/\/www.tce.gob.ec\/index.php\/wp-json\/wp\/v2\/users\/10"}],"replies":[{"embeddable":true,"href":"https:\/\/www.tce.gob.ec\/index.php\/wp-json\/wp\/v2\/comments?post=7368"}],"version-history":[{"count":14,"href":"https:\/\/www.tce.gob.ec\/index.php\/wp-json\/wp\/v2\/pages\/7368\/revisions"}],"predecessor-version":[{"id":7948,"href":"https:\/\/www.tce.gob.ec\/index.php\/wp-json\/wp\/v2\/pages\/7368\/revisions\/7948"}],"up":[{"embeddable":true,"href":"https:\/\/www.tce.gob.ec\/index.php\/wp-json\/wp\/v2\/pages\/3649"}],"wp:attachment":[{"href":"https:\/\/www.tce.gob.ec\/index.php\/wp-json\/wp\/v2\/media?parent=7368"}],"wp:term":[{"taxonomy":"category","embeddable":true,"href":"https:\/\/www.tce.gob.ec\/index.php\/wp-json\/wp\/v2\/categories?post=7368"},{"taxonomy":"post_tag","embeddable":true,"href":"https:\/\/www.tce.gob.ec\/index.php\/wp-json\/wp\/v2\/tags?post=7368"}],"curies":[{"name":"wp","href":"https:\/\/api.w.org\/{rel}","templated":true}]}}