{"id":8651,"date":"2023-02-08T09:24:40","date_gmt":"2023-02-08T14:24:40","guid":{"rendered":"https:\/\/www.tce.gob.ec\/?page_id=8651"},"modified":"2023-02-08T15:00:13","modified_gmt":"2023-02-08T20:00:13","slug":"reflexiones-2022-6","status":"publish","type":"page","link":"https:\/\/www.tce.gob.ec\/index.php\/reflexiones-principal\/reflexiones-2022-6\/","title":{"rendered":"Reflexiones 2022-6"},"content":{"rendered":"\n\n\t<div class=\"aioseo-breadcrumbs\"><span class=\"aioseo-breadcrumb\">\n\tInicio\n<\/span><\/div>\n\t\t\t\t<img loading=\"lazy\" decoding=\"async\" src=\"https:\/\/www.tce.gob.ec\/wp-content\/uploads\/2021\/11\/logo-reflexiones.png\" alt=\"logo reflexiones\" itemprop=\"image\" height=\"130\" width=\"573\" onerror=\"this.style.display='none'\"  \/>\n\t\t\t\t<a href=\"https:\/\/www.tce.gob.ec\/wp-content\/uploads\/2022\/09\/Portada-Bolentin-6.png\" target=\"_self\" itemprop=\"url\" rel=\"noopener\">\n\t\t\t\t<img loading=\"lazy\" decoding=\"async\" src=\"https:\/\/www.tce.gob.ec\/wp-content\/uploads\/2022\/09\/Portada-Bolentin-6.png\" alt=\"Portada Bolent\u00edn 6\" itemprop=\"image\" height=\"1314\" width=\"930\" title=\"Portada Bolent\u00edn 6\" onerror=\"this.style.display='none'\"  \/>\n\t\t\t\t<\/a>\n\t<a href=\"javascript:history.back()\"> Regresar<\/a>\n\t<small><br \/>\n<strong>Numero 6<\/strong><br \/>\nAgosto 2022<\/small>\n<h4>Tema:<\/h4>\n<h4>Los porcentajes de participaci\u00f3n en la conformaci\u00f3n de listas para las Elecciones Seccionales 2023<\/h4>\n\t<p><strong>PRESENTACI\u00d3N<\/strong><\/p>\n<p>En este proceso de fortalecimiento de la participaci\u00f3n pol\u00edtica, la Asamblea Nacional a trav\u00e9s de las Reformas Electorales de febrero de 2020, apost\u00f3 por la generaci\u00f3n de aut\u00e9nticos espacios de participaci\u00f3n en la conformaci\u00f3n de las listas para candidatos y candidatas a elecci\u00f3n popular, a m\u00e1s de respetar los principios de paridad, alternabilidad y secuencialidad, se estableci\u00f3 la obligatoriedad del encabezamiento de las listas en un 50% por mujeres de manera progresiva hasta el 2025, exigiendo a las organizaciones pol\u00edticas que en el proceso electoral de 05 febrero de 20231 , se encabece las listas con al menos el 30% de mujeres y en su conformaci\u00f3n se observe el 25% de representaci\u00f3n de j\u00f3venes.<\/p>\n<p>Esta novedosa normativa en la conformaci\u00f3n de las listas de elecci\u00f3n popular, ha sido puesta a debate en el sexto n\u00famero del &#8220;Bolet\u00edn Reflexiones de Justicia Electoral&#8221;, en el cual el Dr. Joaqu\u00edn Viteri Llanga, Juez Principal del TCE realiza un breve an\u00e1lisis sobre la normativa relativa a la conformaci\u00f3n de las listas para el proceso de elecciones seccionales de 2023<\/p>\nAb. Milton Andr\u00e9s Paredes Paredes MSc.<br \/>\nDirector de Investigaci\u00f3n Contencioso Electoral\n<h3>\n\t\tSecciones\n\t<\/h3>\n\t<a href=\"index.php\/reflexiones-2022-7-esfera-institucional\">\n    <h5>Esfera Institucional<\/h5>\n    <p>Porcentaje de mujeres y j\u00f3venes en la conformaci\u00f3n de listas para las Elecciones Seccionales 2023<\/p>\n    <\/a>\n\t<a href=\"index.php\/reflexiones-2022-7-AmbitoElectoral\">\n    <h5>AmbitoElectoral<\/h5>\n    <p>Participaci\u00f3n de las mujeres en la conformaci\u00f3n de las listas para las Elecciones Seccionales 2023<\/p>\n    <\/a>\n    <h5>Precisiones<\/h5>\n    <p>Asuntos Litigiosos de las Organizaciones Pol\u00edticas<\/p>\n    <h5>En Perspectiva <\/h5>\n    <p> Entrevista a la Dra. Daniela Ugazzi G\u00e1ndara: La participaci\u00f3n pol\u00edtica de los j\u00f3venes en los procesos eleccionarios<\/p>\n    <h5>Escenario Electoral<\/h5>\n    <p>Diplomado Internacional en Justicia Electoral: Una perspectiva Latinoamericana y Europea<\/p>\n    <h5>Escenario Electoral<\/h5>\n    <p>J\u00f3venes y redes sociales, el desaf\u00edo pol\u00edtico 2023<\/p>\n\t<small><a href=\"\/wp-content\/uploads\/2022\/09\/Boletin-VI.pdf\" target=\"_blank\" rel=\"noopener\"> Descargar PDF<\/a><\/small>\n<a href=\"#\" class=\"_3d-flip-book  fb3d-link-lightbox-mode\" data-id=\"8015\" data-mode=\"link-lightbox\" data-title=\"false\" data-template=\"short-white-book-view\" data-lightbox=\"dark\" data-urlparam=\"fb3d-page\" data-page-n=\"0\" data-pdf=\"\" data-tax=\"null\" data-thumbnail=\"\" data-cols=\"3\" data-query=\"\"><small> Ver en lector digital<\/small><\/a>\n\n","protected":false},"excerpt":{"rendered":"<div class=\"entry-summary\">\nRegresar Numero 6 Agosto 2022 Tema: Los porcentajes de participaci\u00f3n en la conformaci\u00f3n de listas para las Elecciones&hellip;\n<\/div>\n<div class=\"link-more\"><a href=\"https:\/\/www.tce.gob.ec\/index.php\/reflexiones-principal\/reflexiones-2022-6\/\" class=\"more-link\">Continuar leyendo<span class=\"screen-reader-text\"> &ldquo;Reflexiones 2022-6&rdquo;<\/span>&hellip;<\/a><\/div>\n","protected":false},"author":10,"featured_media":0,"parent":3649,"menu_order":0,"comment_status":"closed","ping_status":"closed","template":"templates\/no-title.php","meta":{"_monsterinsights_skip_tracking":false,"_monsterinsights_sitenote_active":false,"_monsterinsights_sitenote_note":"","_monsterinsights_sitenote_category":0,"footnotes":""},"categories":[35],"tags":[41],"class_list":["post-8651","page","type-page","status-publish","hentry","category-reflexionescate","tag-reflexiones-2022-6","entry"],"amp_enabled":false,"_links":{"self":[{"href":"https:\/\/www.tce.gob.ec\/index.php\/wp-json\/wp\/v2\/pages\/8651","targetHints":{"allow":["GET"]}}],"collection":[{"href":"https:\/\/www.tce.gob.ec\/index.php\/wp-json\/wp\/v2\/pages"}],"about":[{"href":"https:\/\/www.tce.gob.ec\/index.php\/wp-json\/wp\/v2\/types\/page"}],"author":[{"embeddable":true,"href":"https:\/\/www.tce.gob.ec\/index.php\/wp-json\/wp\/v2\/users\/10"}],"replies":[{"embeddable":true,"href":"https:\/\/www.tce.gob.ec\/index.php\/wp-json\/wp\/v2\/comments?post=8651"}],"version-history":[{"count":7,"href":"https:\/\/www.tce.gob.ec\/index.php\/wp-json\/wp\/v2\/pages\/8651\/revisions"}],"predecessor-version":[{"id":8666,"href":"https:\/\/www.tce.gob.ec\/index.php\/wp-json\/wp\/v2\/pages\/8651\/revisions\/8666"}],"up":[{"embeddable":true,"href":"https:\/\/www.tce.gob.ec\/index.php\/wp-json\/wp\/v2\/pages\/3649"}],"wp:attachment":[{"href":"https:\/\/www.tce.gob.ec\/index.php\/wp-json\/wp\/v2\/media?parent=8651"}],"wp:term":[{"taxonomy":"category","embeddable":true,"href":"https:\/\/www.tce.gob.ec\/index.php\/wp-json\/wp\/v2\/categories?post=8651"},{"taxonomy":"post_tag","embeddable":true,"href":"https:\/\/www.tce.gob.ec\/index.php\/wp-json\/wp\/v2\/tags?post=8651"}],"curies":[{"name":"wp","href":"https:\/\/api.w.org\/{rel}","templated":true}]}}