{"id":9526,"date":"2023-06-28T09:13:46","date_gmt":"2023-06-28T14:13:46","guid":{"rendered":"https:\/\/www.tce.gob.ec\/?page_id=9526"},"modified":"2023-08-29T09:03:34","modified_gmt":"2023-08-29T14:03:34","slug":"numero-actual","status":"publish","type":"page","link":"https:\/\/www.tce.gob.ec\/index.php\/numero-actual\/","title":{"rendered":"N\u00famero actual"},"content":{"rendered":"\n\n\t<p>La Revista Especializada &#8220;Justicia Electoral y Democracia&#8221; es un producto institucional, que el Tribunal Contencioso Electoral publica de manera peri\u00f3dica desde el 2014, con el objeto de promover la difusi\u00f3n del conocimiento, pensamiento y la opini\u00f3n de autores nacionales e internacionales en diversas tem\u00e1ticas relacionadas con: el estudio de los \u00f3rganos electorales, la normativa y procedimientos que se aplican en la contienda electoral, el funcionamiento del sistema democr\u00e1tico, los derechos de participaci\u00f3n pol\u00edtica y la justicia electoral, a trav\u00e9s de aportes de corte acad\u00e9mico y doctrinario.<\/p>\n\t<p><strong>N\u00famero 7 \u00a0 <\/strong>A\u00f1o N.6 \u00a0\u00a0 Julio 2023<\/p>\n<p>\u00a0<\/p>\n\t\t\t\t<a href=\"\/wp-content\/uploads\/2023\/08\/Revista-Justicia-Electoral-y-Democracia-No.-7-1.pdf\" target=\"_blank\" rel=\"noopener\" itemprop=\"url\">\n\t\t\t\t<img loading=\"lazy\" decoding=\"async\" src=\"https:\/\/www.tce.gob.ec\/wp-content\/uploads\/2023\/08\/Portada-JED-3-800x450.jpeg\" alt=\"Portada JED\" itemprop=\"image\" height=\"450\" width=\"800\" title=\"Portada JED\" onerror=\"this.style.display='none'\"  \/>\n\t\t\t\t<\/a>\n\tPRESENTACI\u00d3N<br \/>\n<strong>FERNANDO MU\u00d1OZ BEN\u00cdTEZ<\/strong><br \/>\n\n\t\t\t<a href=\"https:\/\/www.tce.gob.ec\/wp-content\/uploads\/2023\/08\/Revista-Justicia-Electoral-y-Democracia-No.-7-2-7-Presentacion.pdf\" target=\"_blank\" role=\"button\" rel=\"noopener\">\n\t\t\t\t\t\tPDF\n\t\t\t\t\t<\/a>\n\t\t\t<a href=\"https:\/\/www.tce.gob.ec\/wp-content\/uploads\/2023\/08\/Revista-Justicia-Electoral-y-Democracia-No.-7-2-7-Presentacion.html\" target=\"_blank\" role=\"button\" rel=\"noopener\">\n\t\t\t\t\t\tHTML\n\t\t\t\t\t<\/a>\n\tPERSPECTIVA HIST\u00d3RICA\u00a0 DE LA INSTITUCIONALIDAD\u00a0 ELECTORAL<br \/>\n<strong>Oswaldo Fidel Ycaza Vinueza<\/strong><br \/>\n\n\t\t\t<a href=\"https:\/\/www.tce.gob.ec\/wp-content\/uploads\/2023\/08\/Revista-Justicia-Electoral-y-Democracia-No.-7-2-9-18_S1.pdf\" target=\"_blank\" role=\"button\" rel=\"noopener\">\n\t\t\t\t\t\tPDF\n\t\t\t\t\t<\/a>\n\t\t\t<a href=\"https:\/\/www.tce.gob.ec\/wp-content\/uploads\/2023\/08\/Revista-Justicia-Electoral-y-Democracia-No.-7-2-9-18_S1.html\" target=\"_blank\" role=\"button\" rel=\"noopener\">\n\t\t\t\t\t\tHTML\n\t\t\t\t\t<\/a>\n\t<p>LA REGULACI\u00d3N DEL FINANCIAMIENTO DE LA\u00a0 PROMOCI\u00d3N ELECTORAL: PERSPECTIVAS Y\u00a0 DESAF\u00cdOS DEL CASO ECUATORIANO<br role=\"presentation\" \/><strong>Irma Mireya Jim\u00e9nez Rosero \/<\/strong> <strong>Carlos Alberto Jaramillo Chicaiza<\/strong><\/p>\n\t\t\t<a href=\"https:\/\/www.tce.gob.ec\/wp-content\/uploads\/2023\/05\/Ecuador-1.pdf\" target=\"_blank\" role=\"button\" rel=\"noopener\">\n\t\t\t\t\t\tPDF\n\t\t\t\t\t<\/a>\n\t\t\t<a href=\"\" target=\"_self\" role=\"button\" rel=\"noopener\">\n\t\t\t\t\t\tHTML\n\t\t\t\t\t<\/a>\n\tECUADOR: LA INCIDENCIA DE TIKTOK Y FAKE NEWS EN\u00a0 LOS PROCESOS ELECTORALES COMPRENDIDOS ENTRE EL PER\u00cdODO 2021 &#8211; 2023<br \/>\n<strong>Wilson Benavides V\u00e1squez<\/strong><br \/>\n\n\t\t\t<a href=\"https:\/\/www.tce.gob.ec\/wp-content\/uploads\/2023\/08\/Revista-Justicia-Electoral-y-Democracia-No.-7-2-35-52-S3.pdf\" target=\"_blank\" role=\"button\" rel=\"noopener\">\n\t\t\t\t\t\tPDF\n\t\t\t\t\t<\/a>\n\t\t\t<a href=\"https:\/\/www.tce.gob.ec\/wp-content\/uploads\/2023\/08\/Revista-Justicia-Electoral-y-Democracia-No.-7-2-35-52-S3.html\" target=\"_blank\" role=\"button\" rel=\"noopener\">\n\t\t\t\t\t\tHTML\n\t\t\t\t\t<\/a>\n\tLA VIOLENCIA SIMB\u00d3LICA E INDIRECTA EN LA MUJER EN LA PARTICIPACI\u00d3N POL\u00cdTICA EN EL ECUADOR<br \/>\n<strong>Alex Valle Franco \/ Valeria Ianotti Filice \/<\/strong> <strong>Daniela Ramos Romero<\/strong><br \/>\n\n\t\t\t<a href=\"https:\/\/www.tce.gob.ec\/wp-content\/uploads\/2023\/08\/Revista-Justicia-Electoral-y-Democracia-No.-7-2-53-68-S4.pdf\" target=\"_blank\" role=\"button\" rel=\"noopener\">\n\t\t\t\t\t\tPDF\n\t\t\t\t\t<\/a>\n\t\t\t<a href=\"https:\/\/www.tce.gob.ec\/wp-content\/uploads\/2023\/08\/Revista-Justicia-Electoral-y-Democracia-No.-7-2-53-68-S4.html\" target=\"_blank\" role=\"button\" rel=\"noopener\">\n\t\t\t\t\t\tHTML\n\t\t\t\t\t<\/a>\n\tJURISPRUDENCIA CONSTITUCIONAL SALVADORE\u00d1A COMO FUENTE DEL DERECHO ELECTORAL<br \/>\n<strong>Dora Esmeralda Mart\u00ednez de Barahona<\/strong><br \/>\n\n\t\t\t<a href=\"https:\/\/www.tce.gob.ec\/wp-content\/uploads\/2023\/05\/Peru.pdf\" target=\"_blank\" role=\"button\" rel=\"noopener\">\n\t\t\t\t\t\tPDF\n\t\t\t\t\t<\/a>\n\t\t\t<a href=\"\" target=\"_self\" role=\"button\" rel=\"noopener\">\n\t\t\t\t\t\tHTML\n\t\t\t\t\t<\/a>\n\tESTUDIO DEL DISE\u00d1O INSTITUCIONAL DE LA JUSTICIA ELECTORAL: UNA PROPUESTA TE\u00d3RICA Y METODOL\u00d3GICA<br role=\"presentation\" \/><strong>Ang\u00e9lica Mar\u00eda Grande Montalvo<\/strong><br \/>\n\n\t\t\t<a href=\"https:\/\/www.tce.gob.ec\/wp-content\/uploads\/2023\/05\/Peru.pdf\" target=\"_blank\" role=\"button\" rel=\"noopener\">\n\t\t\t\t\t\tPDF\n\t\t\t\t\t<\/a>\n\t\t\t<a href=\"\" target=\"_self\" role=\"button\" rel=\"noopener\">\n\t\t\t\t\t\tHTML\n\t\t\t\t\t<\/a>\n\tESTUDIO DEL DISE\u00d1O INSTITUCIONAL DE LA JUSTICIA ELECTORAL: UNA PROPUESTA TE\u00d3RICA Y METODOL\u00d3GICA<br role=\"presentation\" \/><strong>Ang\u00e9lica Mar\u00eda Grande Montalvo<\/strong><br \/>\n\n\t\t\t<a href=\"https:\/\/www.tce.gob.ec\/wp-content\/uploads\/2023\/05\/Peru.pdf\" target=\"_blank\" role=\"button\" rel=\"noopener\">\n\t\t\t\t\t\tPDF\n\t\t\t\t\t<\/a>\n\t\t\t<a href=\"\" target=\"_self\" role=\"button\" rel=\"noopener\">\n\t\t\t\t\t\tHTML\n\t\t\t\t\t<\/a>\n\tESTUDIO DEL DISE\u00d1O INSTITUCIONAL DE LA JUSTICIA ELECTORAL: UNA PROPUESTA TE\u00d3RICA Y METODOL\u00d3GICA<br role=\"presentation\" \/><strong>Ang\u00e9lica Mar\u00eda Grande Montalvo<\/strong><br \/>\n\n\t\t\t<a href=\"https:\/\/www.tce.gob.ec\/wp-content\/uploads\/2023\/05\/Peru.pdf\" target=\"_blank\" role=\"button\" rel=\"noopener\">\n\t\t\t\t\t\tPDF\n\t\t\t\t\t<\/a>\n\t\t\t<a href=\"\" target=\"_self\" role=\"button\" rel=\"noopener\">\n\t\t\t\t\t\tHTML\n\t\t\t\t\t<\/a>\n\n","protected":false},"excerpt":{"rendered":"<div class=\"entry-summary\">\nLa Revista Especializada &#8220;Justicia Electoral y Democracia&#8221; es un producto institucional, que el Tribunal Contencioso Electoral publica de&hellip;\n<\/div>\n<div class=\"link-more\"><a href=\"https:\/\/www.tce.gob.ec\/index.php\/numero-actual\/\" class=\"more-link\">Continuar leyendo<span class=\"screen-reader-text\"> &ldquo;N\u00famero actual&rdquo;<\/span>&hellip;<\/a><\/div>\n","protected":false},"author":10,"featured_media":0,"parent":0,"menu_order":0,"comment_status":"closed","ping_status":"closed","template":"","meta":{"_monsterinsights_skip_tracking":false,"_monsterinsights_sitenote_active":false,"_monsterinsights_sitenote_note":"","_monsterinsights_sitenote_category":0,"footnotes":""},"categories":[],"tags":[],"class_list":["post-9526","page","type-page","status-publish","hentry","entry"],"amp_enabled":true,"_links":{"self":[{"href":"https:\/\/www.tce.gob.ec\/index.php\/wp-json\/wp\/v2\/pages\/9526","targetHints":{"allow":["GET"]}}],"collection":[{"href":"https:\/\/www.tce.gob.ec\/index.php\/wp-json\/wp\/v2\/pages"}],"about":[{"href":"https:\/\/www.tce.gob.ec\/index.php\/wp-json\/wp\/v2\/types\/page"}],"author":[{"embeddable":true,"href":"https:\/\/www.tce.gob.ec\/index.php\/wp-json\/wp\/v2\/users\/10"}],"replies":[{"embeddable":true,"href":"https:\/\/www.tce.gob.ec\/index.php\/wp-json\/wp\/v2\/comments?post=9526"}],"version-history":[{"count":5,"href":"https:\/\/www.tce.gob.ec\/index.php\/wp-json\/wp\/v2\/pages\/9526\/revisions"}],"predecessor-version":[{"id":9932,"href":"https:\/\/www.tce.gob.ec\/index.php\/wp-json\/wp\/v2\/pages\/9526\/revisions\/9932"}],"wp:attachment":[{"href":"https:\/\/www.tce.gob.ec\/index.php\/wp-json\/wp\/v2\/media?parent=9526"}],"wp:term":[{"taxonomy":"category","embeddable":true,"href":"https:\/\/www.tce.gob.ec\/index.php\/wp-json\/wp\/v2\/categories?post=9526"},{"taxonomy":"post_tag","embeddable":true,"href":"https:\/\/www.tce.gob.ec\/index.php\/wp-json\/wp\/v2\/tags?post=9526"}],"curies":[{"name":"wp","href":"https:\/\/api.w.org\/{rel}","templated":true}]}}