{"id":9537,"date":"2023-06-28T10:24:41","date_gmt":"2023-06-28T15:24:41","guid":{"rendered":"https:\/\/www.tce.gob.ec\/?page_id=9537"},"modified":"2023-08-07T12:36:04","modified_gmt":"2023-08-07T17:36:04","slug":"codigo-de-etica","status":"publish","type":"page","link":"https:\/\/www.tce.gob.ec\/index.php\/codigo-de-etica\/","title":{"rendered":"C\u00f3digo de \u00e9tica"},"content":{"rendered":"\n\n\t<p><strong>C\u00d3DIGO DE \u00c9TICA<\/strong><\/p>\n<p>Los miembros del Comit\u00e9 Editorial de la <strong>Revista Especializada &#8220;Justicia Electoral y Democracia&#8221; <\/strong>del Tribunal Contencioso Electoral velar\u00e1n porque que editores, revisores, pares y autores respeten los principios \u00e9ticos durante todas las fases del proceso editorial.<\/p>\n<p>A continuaci\u00f3n, detallamos nuestras normas de publicaci\u00f3n:<\/p>\n<p><strong><u>Sobre autores y autor\u00eda<\/u><\/strong><\/p>\n<p>1.- Los art\u00edculos y\/o contribuciones deben ser originales e in\u00e9ditos. Se requiere verificar las fuentes empleadas. Las referencias bibliogr\u00e1ficas deben estar se\u00f1aladas de manera correcta y completa.<\/p>\n<p>2.- Los trabajos deben efectuarse de acuerdo con la normativa editorial propuesta en la convocatoria. Los contenidos de los trabajos deben adaptarse a las bases determinadas en la convocatoria.<\/p>\n<p>3.- Los autores deben constatar que los aportes se desarrollen bajo los ejes tem\u00e1ticos establecidos.<\/p>\n<p>4.- Se debe garantizar que la informaci\u00f3n incorporada en sus trabajos sea veraz y obtenida de fuentes fidedignas; por lo tanto, ser\u00e1n los \u00fanicos responsables sobre la legitimidad de sus datos y los contenidos vertidos.<\/p>\n<p>5.- Se comprometen a\u00a0revisar la literatura acad\u00e9mica m\u00e1s actual y relevante sobre el tema que investigan.<\/p>\n<p>6.- Se requiere cumplir con los plazos establecidos en la convocatoria para el env\u00edo de los trabajos.<\/p>\n<p>7.- Los autores pueden considerar las observaciones o recomendaciones efectuadas por los revisores y realizar las enmiendas editoriales requeridas o justificar su eventual negativa.<\/p>\n<p>8.- En caso de considerarlo, los autores presentar\u00e1n las correcciones realizadas al manuscrito, sin insertar nuevos contenidos que modifiquen la integralidad del texto revisado.<\/p>\n<p>9.- Los autores deben remitir la versi\u00f3n final del manuscrito dentro de los plazos fijados. No se aceptar\u00e1n las contribuciones enviadas fuera del plazo.<\/p>\n<p>10.- Los autores deben suscribir la Carta de Declaraci\u00f3n de Propiedad Intelectual y Cesi\u00f3n de Derechos al Tribunal Contencioso Electoral para su publicaci\u00f3n.<\/p>\n<p><strong><u>Sobre revisores pares<\/u><\/strong><\/p>\n<p>1.- Los revisores o evaluadores deber\u00e1n ser profesionales con experiencia en la materia y\/o docentes universitarios de reconocida trayectoria, de acuerdo con la tem\u00e1tica propuesta.<\/p>\n<p>2.- Su participaci\u00f3n ser\u00e1 honoraria, no sujeta a remuneraci\u00f3n, dietas, bonos o cualquier otra forma de retribuci\u00f3n econ\u00f3mica; por esta actuaci\u00f3n, no les concede la categor\u00eda de servidores institucionales.<\/p>\n<p>3.- El proceso de revisi\u00f3n y evaluaci\u00f3n se efectuar\u00e1 bajo una de las siguientes modalidades:<strong>\u00a0<\/strong><\/p>\n<p><strong>a) <\/strong>Revisor acad\u00e9mico\/a simple-ciego.- La revisi\u00f3n de los manuscritos la desarrollar\u00e1 un profesional relacionado con el tema a publicarse, quien se encargar\u00e1 de emitir observaciones, sugerencias y aportar mejoras al contenido, realizando una evaluaci\u00f3n en la que se recomiende la pertinencia o no de efectuar la publicaci\u00f3n del texto.<\/p>\n<p><strong>b) <\/strong>Revisi\u00f3n por pares ciegos.- Sistema de evaluaci\u00f3n en el que expertos en el tema eval\u00faan un mismo manuscrito y emiten sus observaciones y evaluaci\u00f3n. La revisi\u00f3n por pares constituye un \u00f3ptimo m\u00e9todo de validaci\u00f3n de las investigaciones, originalidad y rigor cient\u00edfico.<\/p>\n<p>4.- Los revisores nunca conocer\u00e1n a los\/as autores\/as y, en caso que corresponda, tampoco tendr\u00e1n conocimiento sobre la identidad del otro par ciego.<\/p>\n<p>En ambas modalidades tanto los revisores como los autores no conocer\u00e1n su identidad, preservando el anonimato con la finalidad de asegurar que el proceso de revisi\u00f3n y evaluaci\u00f3n sea imparcial, de tal forma que se garantice la calidad, confiabilidad e integridad de los contenidos a publicarse.<\/p>\n<p>5.- La revisi\u00f3n por pares ciegos se realizar\u00e1 de manera objetiva, adem\u00e1s, que su dictamen no contenga ning\u00fan juicio personal.<\/p>\n<p>6.- Los revisores o evaluadores tendr\u00e1n las siguientes responsabilidades:<\/p>\n<ol>\n<li>Comunicar al Comit\u00e9 Editorial la aceptaci\u00f3n para formar parte del proceso de revisi\u00f3n o evaluaci\u00f3n de los trabajos, en el tiempo que se haya establecido para el efecto.<\/li>\n<li>Efectuar valoraciones y observaciones de los art\u00edculos que conformen la publicaci\u00f3n.<\/li>\n<li>Desarrollar las tareas de evaluaci\u00f3n, con base en los formatos preestablecidos y remitidos por el Secretario del Comit\u00e9 Editorial.<\/li>\n<li>Notificar sobre cualquier conducta no \u00e9tica de los autores.<\/li>\n<li>Expresar sus puntos de vista con claridad y argumentos v\u00e1lidos.<\/li>\n<li>Informar oportunamente al Comit\u00e9 Editorial si durante el an\u00e1lisis del manuscrito se detecta alg\u00fan impedimento \u00e9tico o conflicto de intereses, a fin que reasigne el trabajo a otro evaluador (Informar si existen conflictos de intereses).<\/li>\n<li>Remitir los informes de evaluaci\u00f3n en los plazos establecidos. Debe existir compromiso para entregar los informes de evaluaci\u00f3n en los tiempos fijados. El revisor tiene la responsabilidad de notificar a los editores en caso de existir inconvenientes para entregar la evaluaci\u00f3n a tiempo.<\/li>\n<\/ol>\n<p>7.- Est\u00e1 prohibido a los revisores o evaluadores:<\/p>\n<ol>\n<li>Ser servidores de la instituci\u00f3n o mantener relaci\u00f3n laboral externa, como consultor\u00edas laborales de asesor\u00eda, entre otras.<\/li>\n<li>Hacer uso de la informaci\u00f3n de los manuscritos o difundir los conceptos o ideas expuestas para uso personal o beneficio de cualquier otra persona u organizaci\u00f3n.<\/li>\n<li>Divulgar el resultado previo a la publicaci\u00f3n del manuscrito.<\/li>\n<\/ol>\n<p><strong><u>Sobre los editores<\/u><\/strong><\/p>\n<p>1.- Se debe garantizar la transparencia en los procesos de evaluaci\u00f3n, edici\u00f3n y publicaci\u00f3n de cada n\u00famero.<\/p>\n<p>2.- El equipo editorial mantendr\u00e1 el anonimato entre revisores y autores durante todo el proceso.<\/p>\n<p>3.- En caso que existan dudas, consultas o inquietudes, a trav\u00e9s de los canales oficiales, se deben contestar con celeridad.<\/p>\n<p>4.- En caso de correcciones o aclaraciones se publicar\u00e1n a trav\u00e9s de la p\u00e1gina web de la revista.<\/p>\n<p>5.- Los n\u00fameros de la revista ser\u00e1n difundidos por canales oficiales, bases de datos y redes sociales.<\/p>\n<p>6.- Las revisiones jur\u00eddicas y editoriales se desarrollar\u00e1n con base en el art\u00edculo 23 del Instructivo del Comit\u00e9 Editorial del Tribunal Contencioso Electoral y del Proceso para las Publicaciones, Proceso Editorial para las revistas, literales i y j.<\/p>\n<p><strong><u>Sobre los derechos de autor y propiedad intelectual<\/u><\/strong><\/p>\n<p>1.- En las publicaciones deber\u00e1 constar el siguiente texto: <em>&#8220;Los contenidos, afirmaciones y criterios expuestos en esta obra son responsabilidad exclusiva del Autor y no representan ninguna posici\u00f3n institucional&#8221;. <\/em><\/p>\n<p><em>&#8220;<strong>Las opiniones vertidas en esta revista son responsabilidad de cada autor&#8221;<\/strong><\/em><\/p>\n<p>2.- La responsabilidad sobre un eventual plagio recae exclusivamente en el autor, a\u00fan en caso de Cesi\u00f3n de Derechos a favor de la Instituci\u00f3n.<\/p>\n<p>3.- Los autores deber\u00e1n suscribir la Carta de Declaraci\u00f3n de Propiedad Intelectual para autores y Cesi\u00f3n de Derechos para publicaciones, documento mediante el cual se ceden los derechos patrimoniales que pudieren generar su contribuci\u00f3n. Adem\u00e1s, ceder\u00e1 al Tribunal Contencioso Electoral los derechos de reproducci\u00f3n, comunicaci\u00f3n p\u00fablica, distribuci\u00f3n y divulgaci\u00f3n.<\/p>\n<p>4.- Los autores conceder\u00e1n a perpetuidad la autorizaci\u00f3n al Tribunal Contencioso Electoral para la publicaci\u00f3n y difusi\u00f3n total o parcial de sus obras, por los medios que estime pertinentes, lo normado no implica exclusividad en la difusi\u00f3n de textos; no obstante, para que la obra pueda ser reeditada o reimpresa, se deber\u00e1 notificar al representante legal de la Instituci\u00f3n.<\/p>\n<p>5.- Por su naturaleza, todas las publicaciones generadas por el Tribunal Contencioso Electoral son gratuitas y los autores no recibir\u00e1n ning\u00fan tipo de retribuci\u00f3n econ\u00f3mica por sus manuscritos, sin perjuicio del reconocimiento a sus contribuciones en los cr\u00e9ditos de la obra correspondiente.<\/p>\n<p><strong><u>Sobre conflictos de intereses y pol\u00edtica de transparencia<\/u><\/strong><\/p>\n<p>El proceso de revisi\u00f3n jur\u00eddica y editorial de la Revista Especializada &#8220;Justicia Electoral y Democracia&#8221; se rige por la buena fe. El Comit\u00e9 Editorial de la revista conf\u00eda en lo que expresan los autores y en la objetividad\/imparcialidad de los revisores. Los autores, a su vez, deben confiar en la integridad de los revisores y editores.<\/p>\n<p><strong><u>Sobre pol\u00edtica de acceso<\/u><\/strong><\/p>\n<p>Publicar en la Revista Especializada &#8220;Justicia Electoral y Democracia&#8221; no tiene costo y todos los art\u00edculos individuales y n\u00fameros completos est\u00e1n disponibles en acceso abierto.<\/p>\n<p><strong><u>Proceso de atenci\u00f3n a quejas y reclamos<\/u><\/strong><\/p>\n<p>La recepci\u00f3n de las quejas y reclamos requieren estar debidamente fundamentadas e identificadas.<\/p>\n<p>En ning\u00fan caso, se revelar\u00e1 la identidad de los evaluadores o pares revisores.<\/p>\n<p>Toda queja o reclamo se dirigir\u00e1 al Comit\u00e9 Editorial de la revista, siempre y debe contar con la fundamentaci\u00f3n o argumentaci\u00f3n correspondiente<\/p>\n<p>En caso de recibir denuncia por plagio, los miembros del Comit\u00e9 Editorial solicitar\u00e1n al equipo de la Direcci\u00f3n de Investigaci\u00f3n Contencioso Electoral y de Asesor\u00eda Jur\u00eddica para ejecutar las acciones necesarias para la comprobaci\u00f3n del hecho. De comprobarse plagio, el art\u00edculo ser\u00e1 retirado de la p\u00e1gina web del n\u00famero publicado, los repositorios y las bases de datos en las que conste.<\/p>\n<p>Las conductas inapropiadas pueden ser identificadas y comunicadas al correo electr\u00f3nico de la Revista. Todas las delaciones deber\u00e1n contar con un proceso abierto, hasta llegar a una decisi\u00f3n.<\/p>\n<p><strong><u>Sanciones <\/u><\/strong><\/p>\n<p>Retiro formal del art\u00edculo de la p\u00e1gina web del n\u00famero publicado, repositorios y bases de datos en las que aparezca.<\/p>\n<p>&nbsp;<\/p>\n<p>&nbsp;<\/p>\n\n","protected":false},"excerpt":{"rendered":"<div class=\"entry-summary\">\nC\u00d3DIGO DE \u00c9TICA Los miembros del Comit\u00e9 Editorial de la Revista Especializada &#8220;Justicia Electoral y Democracia&#8221; del Tribunal&hellip;\n<\/div>\n<div class=\"link-more\"><a href=\"https:\/\/www.tce.gob.ec\/index.php\/codigo-de-etica\/\" class=\"more-link\">Continuar leyendo<span class=\"screen-reader-text\"> &ldquo;C\u00f3digo de \u00e9tica&rdquo;<\/span>&hellip;<\/a><\/div>\n","protected":false},"author":10,"featured_media":0,"parent":0,"menu_order":0,"comment_status":"closed","ping_status":"closed","template":"","meta":[],"categories":[],"tags":[],"amp_enabled":true,"_links":{"self":[{"href":"https:\/\/www.tce.gob.ec\/index.php\/wp-json\/wp\/v2\/pages\/9537"}],"collection":[{"href":"https:\/\/www.tce.gob.ec\/index.php\/wp-json\/wp\/v2\/pages"}],"about":[{"href":"https:\/\/www.tce.gob.ec\/index.php\/wp-json\/wp\/v2\/types\/page"}],"author":[{"embeddable":true,"href":"https:\/\/www.tce.gob.ec\/index.php\/wp-json\/wp\/v2\/users\/10"}],"replies":[{"embeddable":true,"href":"https:\/\/www.tce.gob.ec\/index.php\/wp-json\/wp\/v2\/comments?post=9537"}],"version-history":[{"count":4,"href":"https:\/\/www.tce.gob.ec\/index.php\/wp-json\/wp\/v2\/pages\/9537\/revisions"}],"predecessor-version":[{"id":9729,"href":"https:\/\/www.tce.gob.ec\/index.php\/wp-json\/wp\/v2\/pages\/9537\/revisions\/9729"}],"wp:attachment":[{"href":"https:\/\/www.tce.gob.ec\/index.php\/wp-json\/wp\/v2\/media?parent=9537"}],"wp:term":[{"taxonomy":"category","embeddable":true,"href":"https:\/\/www.tce.gob.ec\/index.php\/wp-json\/wp\/v2\/categories?post=9537"},{"taxonomy":"post_tag","embeddable":true,"href":"https:\/\/www.tce.gob.ec\/index.php\/wp-json\/wp\/v2\/tags?post=9537"}],"curies":[{"name":"wp","href":"https:\/\/api.w.org\/{rel}","templated":true}]}}