{"id":9544,"date":"2023-06-28T12:10:01","date_gmt":"2023-06-28T17:10:01","guid":{"rendered":"https:\/\/www.tce.gob.ec\/?page_id=9544"},"modified":"2023-08-07T16:29:57","modified_gmt":"2023-08-07T21:29:57","slug":"normativa-2","status":"publish","type":"page","link":"https:\/\/www.tce.gob.ec\/index.php\/normativa-2\/","title":{"rendered":"Instrucciones"},"content":{"rendered":"\n\n\t<p><strong>Instrucciones para publicar<\/strong><\/p>\n<p>En el art\u00edculo 15 del INSTRUCTIVO DEL COMIT\u00c9 EDITORIAL\u00a0 DEL TRIBUNAL CONTENCIOSO ELECTORAL Y DEL PROCESO PARA LAS PUBLICACIONES, se detallan las responsabilidades que tendr\u00e1n los autores.<\/p>\n<p>El Tribunal Contencioso Electoral (TCE) con el prop\u00f3sito de generar aportes, debate y reflexi\u00f3n en materia electoral y en sus procesos jurisdiccionales, peri\u00f3dicamente, realiza la publicaci\u00f3n de la Revista Especializada &#8220;Justicia Electoral y Democracia&#8221;.<\/p>\n<p>Para sus ediciones invita a: acad\u00e9micos, investigadores, docentes universitarios, estudiantes de postgrado del Ecuador y de la comunidad internacional a participar con sus ensayos o contribuciones cient\u00edficas, de acuerdo con las siguientes bases:<\/p>\n<p>1.- El eje tem\u00e1tico central variar\u00e1 de acuerdo con de cada n\u00famero este n\u00famero y se determinar\u00e1n al realizar las convocatorias.<\/p>\n<p>2.- Los trabajos propuestos ser\u00e1n preferiblemente in\u00e9ditos y su estructura corresponder\u00e1 a las categor\u00edas: ensayo o art\u00edculo cient\u00edfico.<\/p>\n<ul>\n<li>Los ensayos tendr\u00e1n una extensi\u00f3n m\u00e1xima de 5.000 palabras y se presentar\u00e1n en documento Word A4, con tipo de letra Arial 11, interlineado 1,5. Para su elaboraci\u00f3n los autores se sujetar\u00e1n a las reglas establecidas en el formato APA s\u00e9ptima edici\u00f3n. Tanto el t\u00edtulo como el resumen tendr\u00e1n una extensi\u00f3n de m\u00e1ximo 150 palabras, y cinco palabras clave en espa\u00f1ol y en ingl\u00e9s.<\/li>\n<li>Los art\u00edculos cient\u00edficos tendr\u00e1n una extensi\u00f3n m\u00e1xima de 10.000 palabras y se presentar\u00e1n en documento Word A4, con tipo de letra Arial 11, interlineado 1,5. Para su elaboraci\u00f3n los autores se sujetar\u00e1n a las reglas establecidas en el formato APA s\u00e9ptima edici\u00f3n. Tanto el t\u00edtulo como el resumen tendr\u00e1n una extensi\u00f3n de m\u00e1ximo 150 palabras, y cinco palabras clave en espa\u00f1ol y en ingl\u00e9s.<\/li>\n<li>Para ensayos y art\u00edculos, como primera nota al pie, se incluir\u00e1 un resumen sobre la biograf\u00eda, formaci\u00f3n, trayectoria, publicaciones y filiaci\u00f3n institucional de los autores, en aproximadamente 200 palabras.<\/li>\n<\/ul>\n<p>3.- En caso de adjuntarse fotograf\u00edas e im\u00e1genes, estas deben cumplir los siguientes requisitos:<\/p>\n<ul>\n<li>Relacionarse con la tem\u00e1tica indicada y enviarse en formato JPG o PNG en alta resoluci\u00f3n.<\/li>\n<li>El autor remitir\u00e1 su fotograf\u00eda en formato JPG, con una resoluci\u00f3n m\u00ednima de 300 p\u00edxeles.<\/li>\n<li>Los anexos, gr\u00e1ficos, cuadros o tablas deber\u00e1n adjuntar sus respectivos respaldos electr\u00f3nicos en formato Excel (.xlsx) y se\u00f1alar las referencias de su ubicaci\u00f3n en el texto, para el posterior dise\u00f1o.<\/li>\n<\/ul>\n<p>4.- Respecto a la Pol\u00edtica Editorial, todos los trabajos ser\u00e1n sometidos al sistema de evaluaci\u00f3n bajo la modalidad de &#8220;revisor acad\u00e9mico&#8221;.<\/p>\n<ul>\n<li>Los informes ser\u00e1n puestos en conocimiento de los autores a fin que, de ser el caso, realicen las enmiendas editoriales requeridas.<\/li>\n<li>De manera oportuna, se notificar\u00e1 a los autores sobre las resoluciones de los revisores acad\u00e9micos y\/o del Comit\u00e9 Editorial.<\/li>\n<li>Cabe precisar, que la sola remisi\u00f3n de los art\u00edculos, se entender\u00e1 como autorizaci\u00f3n expresa para que el Tribunal Contencioso Electoral proceda a la publicaci\u00f3n materia de convocatoria en formato digital o impreso.<\/li>\n<\/ul>\n<p>Es de absoluta responsabilidad de los autores, los contenidos que se generen en sus art\u00edculos, as\u00ed como la adecuada citaci\u00f3n de las fuentes bibliogr\u00e1ficas e investigativas.<\/p>\n<p><strong>Sistema de arbitraje<\/strong><\/p>\n<p>Respecto la Pol\u00edtica Editorial , todos los trabajos ser\u00e1n sometidos al sistema de evaluaci\u00f3n bajo la modalidad de &#8220;revisores acad\u00e9micos\/ simple ciego o pares ciegos&#8221;. Este sistema de arbitraje permite garantizar un proceso de revisi\u00f3n objetivo, imparcial y transparente.<\/p>\n<ul>\n<li>Los informes ser\u00e1n puestos en conocimiento de los autores a fin que, de ser el caso, realicen las enmiendas editoriales requeridas.<\/li>\n<li>De manera oportuna, se notificar\u00e1 a los autores sobre las resoluciones de los revisores acad\u00e9micos y\/o del Comit\u00e9 Editorial. Puede descargar los formularios <a href=\"https:\/\/www.tce.gob.ec\/index.php\/descargas\/\">aqu\u00ed<\/a>.<\/li>\n<\/ul>\n<p><strong>Contenido original<\/strong><\/p>\n<p>La originalidad de los art\u00edculos publicados es obligaci\u00f3n de sus autores. Se exime de responsabilidad a la Revista Justicia Electoral y Democracia y al Tribunal Contencioso Electoral para cualquier implicaci\u00f3n legal que pudiere surgir.<\/p>\n\n","protected":false},"excerpt":{"rendered":"<div class=\"entry-summary\">\nInstrucciones para publicar En el art\u00edculo 15 del INSTRUCTIVO DEL COMIT\u00c9 EDITORIAL\u00a0 DEL TRIBUNAL CONTENCIOSO ELECTORAL Y DEL&hellip;\n<\/div>\n<div class=\"link-more\"><a href=\"https:\/\/www.tce.gob.ec\/index.php\/normativa-2\/\" class=\"more-link\">Continuar leyendo<span class=\"screen-reader-text\"> &ldquo;Instrucciones&rdquo;<\/span>&hellip;<\/a><\/div>\n","protected":false},"author":10,"featured_media":0,"parent":0,"menu_order":0,"comment_status":"closed","ping_status":"closed","template":"","meta":{"_monsterinsights_skip_tracking":false,"_monsterinsights_sitenote_active":false,"_monsterinsights_sitenote_note":"","_monsterinsights_sitenote_category":0,"footnotes":""},"categories":[],"tags":[],"class_list":["post-9544","page","type-page","status-publish","hentry","entry"],"amp_enabled":true,"_links":{"self":[{"href":"https:\/\/www.tce.gob.ec\/index.php\/wp-json\/wp\/v2\/pages\/9544","targetHints":{"allow":["GET"]}}],"collection":[{"href":"https:\/\/www.tce.gob.ec\/index.php\/wp-json\/wp\/v2\/pages"}],"about":[{"href":"https:\/\/www.tce.gob.ec\/index.php\/wp-json\/wp\/v2\/types\/page"}],"author":[{"embeddable":true,"href":"https:\/\/www.tce.gob.ec\/index.php\/wp-json\/wp\/v2\/users\/10"}],"replies":[{"embeddable":true,"href":"https:\/\/www.tce.gob.ec\/index.php\/wp-json\/wp\/v2\/comments?post=9544"}],"version-history":[{"count":11,"href":"https:\/\/www.tce.gob.ec\/index.php\/wp-json\/wp\/v2\/pages\/9544\/revisions"}],"predecessor-version":[{"id":9767,"href":"https:\/\/www.tce.gob.ec\/index.php\/wp-json\/wp\/v2\/pages\/9544\/revisions\/9767"}],"wp:attachment":[{"href":"https:\/\/www.tce.gob.ec\/index.php\/wp-json\/wp\/v2\/media?parent=9544"}],"wp:term":[{"taxonomy":"category","embeddable":true,"href":"https:\/\/www.tce.gob.ec\/index.php\/wp-json\/wp\/v2\/categories?post=9544"},{"taxonomy":"post_tag","embeddable":true,"href":"https:\/\/www.tce.gob.ec\/index.php\/wp-json\/wp\/v2\/tags?post=9544"}],"curies":[{"name":"wp","href":"https:\/\/api.w.org\/{rel}","templated":true}]}}